{"id":1718,"date":"2023-03-15T11:28:59","date_gmt":"2023-03-15T08:28:59","guid":{"rendered":"https:\/\/bsprefabrik.myco.site\/?page_id=1718"},"modified":"2023-05-24T18:23:07","modified_gmt":"2023-05-24T15:23:07","slug":"hizmet-binalari","status":"publish","type":"page","link":"https:\/\/www.bsprefabrik.com.tr\/de\/unsere-leistungen\/servicegebaude\/","title":{"rendered":"Servicegeb\u00e4ude"},"content":{"rendered":"<div data-elementor-type=\"wp-page\" data-elementor-id=\"1718\" class=\"elementor elementor-1718\">\n\t\t\t\t\t\t\t\t\t<section class=\"elementor-section elementor-top-section elementor-element elementor-element-6591cfa0 elementor-section-boxed elementor-section-height-default elementor-section-height-default\" data-id=\"6591cfa0\" data-element_type=\"section\" data-settings=\"{&quot;background_background&quot;:&quot;classic&quot;,&quot;jet_parallax_layout_list&quot;:[],&quot;tmp_custom_cursor&quot;:&quot;disable&quot;}\">\n\t\t\t\t\t\t<div class=\"elementor-container elementor-column-gap-default\">\n\t\t\t\t\t<div class=\"elementor-column elementor-col-50 elementor-top-column elementor-element elementor-element-55167fe2\" data-id=\"55167fe2\" data-element_type=\"column\" data-settings=\"{&quot;tmp_custom_cursor&quot;:&quot;disable&quot;}\">\n\t\t\t<div class=\"elementor-widget-wrap elementor-element-populated\">\n\t\t\t\t\t\t\t\t<div class=\"elementor-element elementor-element-5a9d757c elementor-widget elementor-widget-heading\" data-id=\"5a9d757c\" data-element_type=\"widget\" data-widget_type=\"heading.default\">\n\t\t\t\t<div class=\"elementor-widget-container\">\n\t\t\t<style>\/*! elementor - v3.8.0 - 30-10-2022 *\/\n.elementor-heading-title{padding:0;margin:0;line-height:1}.elementor-widget-heading .elementor-heading-title[class*=elementor-size-]>a{color:inherit;font-size:inherit;line-height:inherit}.elementor-widget-heading .elementor-heading-title.elementor-size-small{font-size:15px}.elementor-widget-heading .elementor-heading-title.elementor-size-medium{font-size:19px}.elementor-widget-heading .elementor-heading-title.elementor-size-large{font-size:29px}.elementor-widget-heading .elementor-heading-title.elementor-size-xl{font-size:39px}.elementor-widget-heading .elementor-heading-title.elementor-size-xxl{font-size:59px}<\/style><h2 class=\"elementor-heading-title elementor-size-default\">Lagerhaus Anterepo vorgefertigt<\/h2>\t\t<\/div>\n\t\t\t\t<\/div>\n\t\t\t\t<div class=\"elementor-element elementor-element-3d9f69df elementor-widget elementor-widget-heading\" data-id=\"3d9f69df\" data-element_type=\"widget\" data-widget_type=\"heading.default\">\n\t\t\t\t<div class=\"elementor-widget-container\">\n\t\t\t<p class=\"elementor-heading-title elementor-size-default\">Vorgefertigte Strukturen sind gut geplante kompakte Strukturen unter Ber\u00fccksichtigung der seismischen Zone, der Windlast und der Eigenlast. Vorgefertigte Lagerhallen, die durch die Kombination verschiedener Elemente entstehen, werden an verschiedenen Standorten hergestellt und vor Ort zusammengebaut, um bauliche Schwierigkeiten zu vermeiden.<\/p>\t\t<\/div>\n\t\t\t\t<\/div>\n\t\t\t\t<div class=\"elementor-element elementor-element-4ddaedd8 elementor-widget elementor-widget-text-editor\" data-id=\"4ddaedd8\" data-element_type=\"widget\" data-widget_type=\"text-editor.default\">\n\t\t\t\t<div class=\"elementor-widget-container\">\n\t\t\t<style>\/*! elementor - v3.8.0 - 30-10-2022 *\/\n.elementor-widget-text-editor.elementor-drop-cap-view-stacked .elementor-drop-cap{background-color:#818a91;color:#fff}.elementor-widget-text-editor.elementor-drop-cap-view-framed .elementor-drop-cap{color:#818a91;border:3px solid;background-color:transparent}.elementor-widget-text-editor:not(.elementor-drop-cap-view-default) .elementor-drop-cap{margin-top:8px}.elementor-widget-text-editor:not(.elementor-drop-cap-view-default) .elementor-drop-cap-letter{width:1em;height:1em}.elementor-widget-text-editor .elementor-drop-cap{float:left;text-align:center;line-height:1;font-size:50px}.elementor-widget-text-editor .elementor-drop-cap-letter{display:inline-block}<\/style>\t\t\t\t<p>VORGEFERTIGTE LAGER, Dachplatten, Balken, S\u00e4ulen, starre Rahmen, Wandpaneele,\u00a0<span style=\"font-family: var( --e-global-typography-07aa0af-font-family ), Sans-serif; font-weight: var( --e-global-typography-07aa0af-font-weight ); letter-spacing: var( --e-global-typography-07aa0af-letter-spacing ); word-spacing: var( --e-global-typography-07aa0af-word-spacing );\">Kuppeln<\/span><span style=\"font-family: var( --e-global-typography-07aa0af-font-family ), Sans-serif; font-weight: var( --e-global-typography-07aa0af-font-weight ); letter-spacing: var( --e-global-typography-07aa0af-letter-spacing ); word-spacing: var( --e-global-typography-07aa0af-word-spacing );\">,\u00a0<\/span><span style=\"font-family: var( --e-global-typography-07aa0af-font-family ), Sans-serif; font-weight: var( --e-global-typography-07aa0af-font-weight ); letter-spacing: var( --e-global-typography-07aa0af-letter-spacing ); word-spacing: var( --e-global-typography-07aa0af-word-spacing );\">B\u00f6gen<\/span><span style=\"font-family: var( --e-global-typography-07aa0af-font-family ), Sans-serif; font-weight: var( --e-global-typography-07aa0af-font-weight ); letter-spacing: var( --e-global-typography-07aa0af-letter-spacing ); word-spacing: var( --e-global-typography-07aa0af-word-spacing );\">, tragende W\u00e4nde k\u00f6nnen vorgefertigt hergestellt werden. Vorgefertigte Bauelemente k\u00f6nnen sehr praktisch, wirtschaftlich und schnell f\u00fcr den Bau aller Arten von Industriebauten, Wohnh\u00e4usern, Gewerbebauten, Kunstbauten, Hafenelementen, St\u00fctzmauern und Nebenanlagen eingesetzt werden.<\/span><\/p><p>Alle Lager k\u00f6nnen vorgefertigt gebaut oder als Vor-Ort-Fertigung und vorgefertigte Fertigung fertiggestellt werden.<\/p><p>\u00a0<\/p>\t\t\t\t\t\t<\/div>\n\t\t\t\t<\/div>\n\t\t\t\t\t<\/div>\n\t\t<\/div>\n\t\t\t\t<div class=\"elementor-column elementor-col-50 elementor-top-column elementor-element elementor-element-5653301c\" data-id=\"5653301c\" data-element_type=\"column\" data-settings=\"{&quot;tmp_custom_cursor&quot;:&quot;disable&quot;}\">\n\t\t\t<div class=\"elementor-widget-wrap elementor-element-populated\">\n\t\t\t\t\t\t\t\t<div class=\"elementor-element elementor-element-31f05c3f gallery-spacing-custom elementor-widget elementor-widget-image-gallery\" data-id=\"31f05c3f\" data-element_type=\"widget\" data-widget_type=\"image-gallery.default\">\n\t\t\t\t<div class=\"elementor-widget-container\">\n\t\t\t<style>\/*! elementor - v3.8.0 - 30-10-2022 *\/\n.elementor-image-gallery .gallery-item{display:inline-block;text-align:center;vertical-align:top;width:100%;max-width:100%;margin:0 auto}.elementor-image-gallery .gallery-item img{margin:0 auto}.elementor-image-gallery .gallery-item .gallery-caption{margin:0}.elementor-image-gallery figure img{display:block}.elementor-image-gallery figure figcaption{width:100%}.gallery-spacing-custom .elementor-image-gallery .gallery-icon{padding:0}@media (min-width:768px){.elementor-image-gallery .gallery-columns-2 .gallery-item{max-width:50%}.elementor-image-gallery .gallery-columns-3 .gallery-item{max-width:33.33%}.elementor-image-gallery .gallery-columns-4 .gallery-item{max-width:25%}.elementor-image-gallery .gallery-columns-5 .gallery-item{max-width:20%}.elementor-image-gallery .gallery-columns-6 .gallery-item{max-width:16.666%}.elementor-image-gallery .gallery-columns-7 .gallery-item{max-width:14.28%}.elementor-image-gallery .gallery-columns-8 .gallery-item{max-width:12.5%}.elementor-image-gallery .gallery-columns-9 .gallery-item{max-width:11.11%}.elementor-image-gallery .gallery-columns-10 .gallery-item{max-width:10%}}@media (min-width:480px) and (max-width:767px){.elementor-image-gallery .gallery.gallery-columns-2 .gallery-item,.elementor-image-gallery .gallery.gallery-columns-3 .gallery-item,.elementor-image-gallery .gallery.gallery-columns-4 .gallery-item,.elementor-image-gallery .gallery.gallery-columns-5 .gallery-item,.elementor-image-gallery .gallery.gallery-columns-6 .gallery-item,.elementor-image-gallery .gallery.gallery-columns-7 .gallery-item,.elementor-image-gallery .gallery.gallery-columns-8 .gallery-item,.elementor-image-gallery .gallery.gallery-columns-9 .gallery-item,.elementor-image-gallery .gallery.gallery-columns-10 .gallery-item{max-width:50%}}@media (max-width:479px){.elementor-image-gallery .gallery.gallery-columns-2 .gallery-item,.elementor-image-gallery .gallery.gallery-columns-3 .gallery-item,.elementor-image-gallery .gallery.gallery-columns-4 .gallery-item,.elementor-image-gallery .gallery.gallery-columns-5 .gallery-item,.elementor-image-gallery .gallery.gallery-columns-6 .gallery-item,.elementor-image-gallery .gallery.gallery-columns-7 .gallery-item,.elementor-image-gallery .gallery.gallery-columns-8 .gallery-item,.elementor-image-gallery .gallery.gallery-columns-9 .gallery-item,.elementor-image-gallery .gallery.gallery-columns-10 .gallery-item{max-width:100%}}<\/style>\t\t<div class=\"elementor-image-gallery\">\n\t\t\t<div id='gallery-1' class='gallery galleryid-1718 gallery-columns-2 gallery-size-medium_large'><figure class='gallery-item'>\n\t\t\t<div class='gallery-icon landscape'>\n\t\t\t\t<a data-elementor-open-lightbox=\"yes\" data-elementor-lightbox-slideshow=\"31f05c3f\" data-elementor-lightbox-title=\"igor-ovsyannykov-371066-unsplash.jpg\" e-action-hash=\"#elementor-action%3Aaction%3Dlightbox%26settings%3DeyJpZCI6MTcyMywidXJsIjoiaHR0cHM6XC9cL3d3dy5ic3ByZWZhYnJpay5jb20udHJcL3dwLWNvbnRlbnRcL3VwbG9hZHNcLzIwMjNcLzAzXC9pZ29yLW92c3lhbm55a292LTM3MTA2Ni11bnNwbGFzaC5qcGciLCJzbGlkZXNob3ciOiIzMWYwNWMzZiJ9\" href='https:\/\/www.bsprefabrik.com.tr\/wp-content\/uploads\/2023\/03\/igor-ovsyannykov-371066-unsplash.jpg'><img decoding=\"async\" width=\"768\" height=\"512\" src=\"https:\/\/www.bsprefabrik.com.tr\/wp-content\/uploads\/2023\/03\/igor-ovsyannykov-371066-unsplash-768x512.jpg\" class=\"attachment-medium_large size-medium_large\" alt=\"\" srcset=\"https:\/\/www.bsprefabrik.com.tr\/wp-content\/uploads\/2023\/03\/igor-ovsyannykov-371066-unsplash-768x512.jpg 768w, https:\/\/www.bsprefabrik.com.tr\/wp-content\/uploads\/2023\/03\/igor-ovsyannykov-371066-unsplash-300x200.jpg 300w, https:\/\/www.bsprefabrik.com.tr\/wp-content\/uploads\/2023\/03\/igor-ovsyannykov-371066-unsplash.jpg 1024w\" sizes=\"(max-width: 768px) 100vw, 768px\" \/><\/a>\n\t\t\t<\/div><\/figure><figure class='gallery-item'>\n\t\t\t<div class='gallery-icon landscape'>\n\t\t\t\t<a data-elementor-open-lightbox=\"yes\" data-elementor-lightbox-slideshow=\"31f05c3f\" data-elementor-lightbox-title=\"career-seeker\" e-action-hash=\"#elementor-action%3Aaction%3Dlightbox%26settings%3DeyJpZCI6MTM0MiwidXJsIjoiaHR0cHM6XC9cL3d3dy5ic3ByZWZhYnJpay5jb20udHJcL3dwLWNvbnRlbnRcL3VwbG9hZHNcLzIwMjJcLzExXC9jYXJlZXItc2Vla2VyLmpwZyIsInNsaWRlc2hvdyI6IjMxZjA1YzNmIn0%3D\" href='https:\/\/www.bsprefabrik.com.tr\/wp-content\/uploads\/2022\/11\/career-seeker.jpg'><img decoding=\"async\" width=\"768\" height=\"512\" src=\"https:\/\/www.bsprefabrik.com.tr\/wp-content\/uploads\/2022\/11\/career-seeker-768x512.jpg\" class=\"attachment-medium_large size-medium_large\" alt=\"\" srcset=\"https:\/\/www.bsprefabrik.com.tr\/wp-content\/uploads\/2022\/11\/career-seeker-768x512.jpg 768w, https:\/\/www.bsprefabrik.com.tr\/wp-content\/uploads\/2022\/11\/career-seeker-300x200.jpg 300w, https:\/\/www.bsprefabrik.com.tr\/wp-content\/uploads\/2022\/11\/career-seeker-1024x683.jpg 1024w, https:\/\/www.bsprefabrik.com.tr\/wp-content\/uploads\/2022\/11\/career-seeker-1536x1024.jpg 1536w, https:\/\/www.bsprefabrik.com.tr\/wp-content\/uploads\/2022\/11\/career-seeker.jpg 1920w\" sizes=\"(max-width: 768px) 100vw, 768px\" \/><\/a>\n\t\t\t<\/div><\/figure><figure class='gallery-item'>\n\t\t\t<div class='gallery-icon landscape'>\n\t\t\t\t<a data-elementor-open-lightbox=\"yes\" data-elementor-lightbox-slideshow=\"31f05c3f\" data-elementor-lightbox-title=\"WhatsApp Image 2022-12-19 at 12.56.12\" e-action-hash=\"#elementor-action%3Aaction%3Dlightbox%26settings%3DeyJpZCI6MTM5MywidXJsIjoiaHR0cHM6XC9cL3d3dy5ic3ByZWZhYnJpay5jb20udHJcL3dwLWNvbnRlbnRcL3VwbG9hZHNcLzIwMjNcLzAxXC9XaGF0c0FwcC1JbWFnZS0yMDIyLTEyLTE5LWF0LTEyLjU2LjEyLmpwZWciLCJzbGlkZXNob3ciOiIzMWYwNWMzZiJ9\" href='https:\/\/www.bsprefabrik.com.tr\/wp-content\/uploads\/2023\/01\/WhatsApp-Image-2022-12-19-at-12.56.12.jpeg'><img decoding=\"async\" width=\"768\" height=\"432\" src=\"https:\/\/www.bsprefabrik.com.tr\/wp-content\/uploads\/2023\/01\/WhatsApp-Image-2022-12-19-at-12.56.12-768x432.jpeg\" class=\"attachment-medium_large size-medium_large\" alt=\"\" srcset=\"https:\/\/www.bsprefabrik.com.tr\/wp-content\/uploads\/2023\/01\/WhatsApp-Image-2022-12-19-at-12.56.12-768x432.jpeg 768w, https:\/\/www.bsprefabrik.com.tr\/wp-content\/uploads\/2023\/01\/WhatsApp-Image-2022-12-19-at-12.56.12-300x169.jpeg 300w, https:\/\/www.bsprefabrik.com.tr\/wp-content\/uploads\/2023\/01\/WhatsApp-Image-2022-12-19-at-12.56.12-1024x576.jpeg 1024w, https:\/\/www.bsprefabrik.com.tr\/wp-content\/uploads\/2023\/01\/WhatsApp-Image-2022-12-19-at-12.56.12-1536x864.jpeg 1536w, https:\/\/www.bsprefabrik.com.tr\/wp-content\/uploads\/2023\/01\/WhatsApp-Image-2022-12-19-at-12.56.12.jpeg 1600w\" sizes=\"(max-width: 768px) 100vw, 768px\" \/><\/a>\n\t\t\t<\/div><\/figure><figure class='gallery-item'>\n\t\t\t<div class='gallery-icon landscape'>\n\t\t\t\t<a data-elementor-open-lightbox=\"yes\" data-elementor-lightbox-slideshow=\"31f05c3f\" data-elementor-lightbox-title=\"images (2)\" e-action-hash=\"#elementor-action%3Aaction%3Dlightbox%26settings%3DeyJpZCI6MTQ0OSwidXJsIjoiaHR0cHM6XC9cL3d3dy5ic3ByZWZhYnJpay5jb20udHJcL3dwLWNvbnRlbnRcL3VwbG9hZHNcLzIwMjNcLzAxXC9pbWFnZXMtMi5qcGVnIiwic2xpZGVzaG93IjoiMzFmMDVjM2YifQ%3D%3D\" href='https:\/\/www.bsprefabrik.com.tr\/wp-content\/uploads\/2023\/01\/images-2.jpeg'><img decoding=\"async\" width=\"343\" height=\"147\" src=\"https:\/\/www.bsprefabrik.com.tr\/wp-content\/uploads\/2023\/01\/images-2.jpeg\" class=\"attachment-medium_large size-medium_large\" alt=\"\" srcset=\"https:\/\/www.bsprefabrik.com.tr\/wp-content\/uploads\/2023\/01\/images-2.jpeg 343w, https:\/\/www.bsprefabrik.com.tr\/wp-content\/uploads\/2023\/01\/images-2-300x129.jpeg 300w\" sizes=\"(max-width: 343px) 100vw, 343px\" \/><\/a>\n\t\t\t<\/div><\/figure>\n\t\t<\/div>\n\t\t<\/div>\n\t\t\t\t<\/div>\n\t\t\t\t<\/div>\n\t\t\t\t\t<\/div>\n\t\t<\/div>\n\t\t\t\t\t\t\t<\/div>\n\t\t<\/section>\n\t\t\t\t<section class=\"elementor-section elementor-top-section elementor-element elementor-element-99570ce elementor-section-stretched elementor-section-content-middle elementor-section-height-min-height elementor-section-boxed elementor-section-height-default elementor-section-items-middle\" data-id=\"99570ce\" data-element_type=\"section\" data-settings=\"{&quot;stretch_section&quot;:&quot;section-stretched&quot;,&quot;background_background&quot;:&quot;video&quot;,&quot;jet_parallax_layout_list&quot;:[],&quot;background_video_link&quot;:&quot;https:\\\/\\\/www.bsprefabrik.com.tr\\\/wp-content\\\/uploads\\\/2023\\\/03\\\/Final-Comp.mp4&quot;,&quot;tmp_custom_cursor&quot;:&quot;disable&quot;}\">\n\t\t\t\t\t\t\t\t<div class=\"elementor-background-video-container elementor-hidden-phone\">\n\t\t\t\t\t\t\t\t\t\t\t\t\t<video class=\"elementor-background-video-hosted elementor-html5-video\" autoplay muted playsinline loop><\/video>\n\t\t\t\t\t\t\t\t\t\t\t<\/div>\n\t\t\t\t\t\t\t\t\t<div class=\"elementor-background-overlay\"><\/div>\n\t\t\t\t\t\t\t<div class=\"elementor-container elementor-column-gap-default\">\n\t\t\t\t\t<div class=\"elementor-column elementor-col-100 elementor-top-column elementor-element elementor-element-7dabf603\" data-id=\"7dabf603\" data-element_type=\"column\" data-settings=\"{&quot;tmp_custom_cursor&quot;:&quot;disable&quot;}\">\n\t\t\t<div class=\"elementor-widget-wrap\">\n\t\t\t\t\t\t\t\t\t<\/div>\n\t\t<\/div>\n\t\t\t\t\t\t\t<\/div>\n\t\t<\/section>\n\t\t\t\t<section class=\"elementor-section elementor-top-section elementor-element elementor-element-6311cd9e elementor-section-content-middle elementor-section-boxed elementor-section-height-default elementor-section-height-default\" data-id=\"6311cd9e\" data-element_type=\"section\" data-settings=\"{&quot;background_background&quot;:&quot;classic&quot;,&quot;jet_parallax_layout_list&quot;:[],&quot;tmp_custom_cursor&quot;:&quot;disable&quot;}\">\n\t\t\t\t\t\t<div class=\"elementor-container elementor-column-gap-default\">\n\t\t\t\t\t<div class=\"elementor-column elementor-col-50 elementor-top-column elementor-element elementor-element-25b233aa\" data-id=\"25b233aa\" data-element_type=\"column\" data-settings=\"{&quot;tmp_custom_cursor&quot;:&quot;disable&quot;}\">\n\t\t\t<div class=\"elementor-widget-wrap elementor-element-populated\">\n\t\t\t\t\t\t\t\t<div class=\"elementor-element elementor-element-2712b5e0 elementor-widget elementor-widget-heading\" data-id=\"2712b5e0\" data-element_type=\"widget\" data-widget_type=\"heading.default\">\n\t\t\t\t<div class=\"elementor-widget-container\">\n\t\t\t<h4 class=\"elementor-heading-title elementor-size-default\">BS VORGEFERTIGT<\/h4>\t\t<\/div>\n\t\t\t\t<\/div>\n\t\t\t\t<div class=\"elementor-element elementor-element-15c88a77 elementor-widget elementor-widget-heading\" data-id=\"15c88a77\" data-element_type=\"widget\" data-widget_type=\"heading.default\">\n\t\t\t\t<div class=\"elementor-widget-container\">\n\t\t\t<h2 class=\"elementor-heading-title elementor-size-default\">WIR BAUEN MIT LEIDENSCHAFT...<\/h2>\t\t<\/div>\n\t\t\t\t<\/div>\n\t\t\t\t<div class=\"elementor-element elementor-element-21cedd79 elementor-widget elementor-widget-text-editor\" data-id=\"21cedd79\" data-element_type=\"widget\" data-widget_type=\"text-editor.default\">\n\t\t\t\t<div class=\"elementor-widget-container\">\n\t\t\t\t\t\t\t<p class=\"p1\">Unser Unternehmen, das weiterhin gro\u00dfe Ingenieurprojekte umsetzt, setzt seine Aktivit\u00e4ten in allen Regionen unseres Landes mit einer produktionsorientierten Vision und auch mit Exportorientierung fort.<\/p><p class=\"p1\">Wir haben durch die Verbesserung bestehender Systeme mit den von uns im Einklang mit diesem Ziel durchgef\u00fchrten Projekten viele Innovationen erreicht. Wir sind stolz darauf, eine Marke zu sein, die seit dem ersten Tag ihrer Gr\u00fcndung ein starker Anh\u00e4nger der Branchentechnologien ist und diese mit ihren Kunden zusammenbringt Gr\u00fcndung.<\/p>\t\t\t\t\t\t<\/div>\n\t\t\t\t<\/div>\n\t\t\t\t\t<\/div>\n\t\t<\/div>\n\t\t\t\t<div class=\"elementor-column elementor-col-50 elementor-top-column elementor-element elementor-element-34c4ac2d\" data-id=\"34c4ac2d\" data-element_type=\"column\" data-settings=\"{&quot;tmp_custom_cursor&quot;:&quot;disable&quot;}\">\n\t\t\t<div class=\"elementor-widget-wrap elementor-element-populated\">\n\t\t\t\t\t\t\t\t<div class=\"elementor-element elementor-element-560768a5 elementor-widget elementor-widget-image\" data-id=\"560768a5\" data-element_type=\"widget\" data-widget_type=\"image.default\">\n\t\t\t\t<div class=\"elementor-widget-container\">\n\t\t\t<style>\/*! elementor - v3.8.0 - 30-10-2022 *\/\n.elementor-widget-image{text-align:center}.elementor-widget-image a{display:inline-block}.elementor-widget-image a img[src$=\".svg\"]{width:48px}.elementor-widget-image img{vertical-align:middle;display:inline-block}<\/style>\t\t\t\t\t\t\t\t\t\t\t\t<img decoding=\"async\" width=\"800\" height=\"534\" src=\"https:\/\/www.bsprefabrik.com.tr\/wp-content\/uploads\/2023\/03\/image-from-rawpixel-id-1390-jpeg-1024x684.jpg\" class=\"attachment-large size-large\" alt=\"\" srcset=\"https:\/\/www.bsprefabrik.com.tr\/wp-content\/uploads\/2023\/03\/image-from-rawpixel-id-1390-jpeg-1024x684.jpg 1024w, https:\/\/www.bsprefabrik.com.tr\/wp-content\/uploads\/2023\/03\/image-from-rawpixel-id-1390-jpeg-300x200.jpg 300w, https:\/\/www.bsprefabrik.com.tr\/wp-content\/uploads\/2023\/03\/image-from-rawpixel-id-1390-jpeg-768x513.jpg 768w, https:\/\/www.bsprefabrik.com.tr\/wp-content\/uploads\/2023\/03\/image-from-rawpixel-id-1390-jpeg.jpg 1200w\" sizes=\"(max-width: 800px) 100vw, 800px\" \/>\t\t\t\t\t\t\t\t\t\t\t\t\t\t\t<\/div>\n\t\t\t\t<\/div>\n\t\t\t\t\t<\/div>\n\t\t<\/div>\n\t\t\t\t\t\t\t<\/div>\n\t\t<\/section>\n\t\t\t\t\t\t\t<\/div>","protected":false},"excerpt":{"rendered":"<p>Depo Anterepo Prefabrikleri Prefabrik yap\u0131lar sismik b\u00f6lge, r\u00fczgar y\u00fck\u00fc ve \u00f6l\u00fc y\u00fck dikkate al\u0131narak iyi tasarlanm\u0131\u015f kompakt yap\u0131lard\u0131r. Farkl\u0131 elemanlar\u0131n birle\u015fmesi sonucunda olu\u015fan prefabrik depolar, in\u015faat zorluklar\u0131n\u0131 ortadan kald\u0131rmak i\u00e7in farkl\u0131 yerde imal edilip yerinde montaj edilir. PREFABR\u0130K ANTREPOLAR, \u00e7at\u0131 plaklar\u0131, kiri\u015fler, kolonlar, rijit \u00e7er\u00e7eveler, duvar panolar\u0131,\u00a0kubbeler,\u00a0kemerler, ta\u015f\u0131y\u0131c\u0131 duvarlar prefabrik\u00a0olarak imal edilebilir.\u00a0Prefabrike yap\u0131 elemanlar\u0131 her [&hellip;]<\/p>","protected":false},"author":1,"featured_media":0,"parent":518,"menu_order":0,"comment_status":"closed","ping_status":"closed","template":"","meta":{"om_disable_all_campaigns":false,"_monsterinsights_skip_tracking":false,"_monsterinsights_sitenote_active":false,"_monsterinsights_sitenote_note":"","_monsterinsights_sitenote_category":0,"footnotes":""},"class_list":["post-1718","page","type-page","status-publish","hentry"],"aioseo_notices":[],"_links":{"self":[{"href":"https:\/\/www.bsprefabrik.com.tr\/de\/wp-json\/wp\/v2\/pages\/1718","targetHints":{"allow":["GET"]}}],"collection":[{"href":"https:\/\/www.bsprefabrik.com.tr\/de\/wp-json\/wp\/v2\/pages"}],"about":[{"href":"https:\/\/www.bsprefabrik.com.tr\/de\/wp-json\/wp\/v2\/types\/page"}],"author":[{"embeddable":true,"href":"https:\/\/www.bsprefabrik.com.tr\/de\/wp-json\/wp\/v2\/users\/1"}],"replies":[{"embeddable":true,"href":"https:\/\/www.bsprefabrik.com.tr\/de\/wp-json\/wp\/v2\/comments?post=1718"}],"version-history":[{"count":3,"href":"https:\/\/www.bsprefabrik.com.tr\/de\/wp-json\/wp\/v2\/pages\/1718\/revisions"}],"predecessor-version":[{"id":2176,"href":"https:\/\/www.bsprefabrik.com.tr\/de\/wp-json\/wp\/v2\/pages\/1718\/revisions\/2176"}],"up":[{"embeddable":true,"href":"https:\/\/www.bsprefabrik.com.tr\/de\/wp-json\/wp\/v2\/pages\/518"}],"wp:attachment":[{"href":"https:\/\/www.bsprefabrik.com.tr\/de\/wp-json\/wp\/v2\/media?parent=1718"}],"curies":[{"name":"wp","href":"https:\/\/api.w.org\/{rel}","templated":true}]}}