{"id":1753,"date":"2023-03-15T11:45:32","date_gmt":"2023-03-15T08:45:32","guid":{"rendered":"https:\/\/bsprefabrik.myco.site\/?page_id=1753"},"modified":"2023-05-24T18:23:11","modified_gmt":"2023-05-24T15:23:11","slug":"prefabrik-fabrikalar","status":"publish","type":"page","link":"https:\/\/www.bsprefabrik.com.tr\/de\/unsere-leistungen\/fertigfabriken\/","title":{"rendered":"Vorgefertigte Fabriken"},"content":{"rendered":"<div data-elementor-type=\"wp-page\" data-elementor-id=\"1753\" class=\"elementor elementor-1753\">\n\t\t\t\t\t\t\t\t\t<section class=\"elementor-section elementor-top-section elementor-element elementor-element-18ed544a elementor-section-content-middle elementor-section-boxed elementor-section-height-default elementor-section-height-default\" data-id=\"18ed544a\" data-element_type=\"section\" data-settings=\"{&quot;background_background&quot;:&quot;classic&quot;,&quot;jet_parallax_layout_list&quot;:[],&quot;tmp_custom_cursor&quot;:&quot;disable&quot;}\">\n\t\t\t\t\t\t<div class=\"elementor-container elementor-column-gap-default\">\n\t\t\t\t\t<div class=\"elementor-column elementor-col-50 elementor-top-column elementor-element elementor-element-53a351ac\" data-id=\"53a351ac\" data-element_type=\"column\" data-settings=\"{&quot;tmp_custom_cursor&quot;:&quot;disable&quot;}\">\n\t\t\t<div class=\"elementor-widget-wrap elementor-element-populated\">\n\t\t\t\t\t\t\t\t<div class=\"elementor-element elementor-element-12aa6e09 elementor-widget elementor-widget-heading\" data-id=\"12aa6e09\" data-element_type=\"widget\" data-widget_type=\"heading.default\">\n\t\t\t\t<div class=\"elementor-widget-container\">\n\t\t\t<style>\/*! elementor - v3.8.0 - 30-10-2022 *\/\n.elementor-heading-title{padding:0;margin:0;line-height:1}.elementor-widget-heading .elementor-heading-title[class*=elementor-size-]>a{color:inherit;font-size:inherit;line-height:inherit}.elementor-widget-heading .elementor-heading-title.elementor-size-small{font-size:15px}.elementor-widget-heading .elementor-heading-title.elementor-size-medium{font-size:19px}.elementor-widget-heading .elementor-heading-title.elementor-size-large{font-size:29px}.elementor-widget-heading .elementor-heading-title.elementor-size-xl{font-size:39px}.elementor-widget-heading .elementor-heading-title.elementor-size-xxl{font-size:59px}<\/style><h4 class=\"elementor-heading-title elementor-size-default\">Vorgefertigt<\/h4>\t\t<\/div>\n\t\t\t\t<\/div>\n\t\t\t\t<div class=\"elementor-element elementor-element-828faec elementor-widget elementor-widget-heading\" data-id=\"828faec\" data-element_type=\"widget\" data-widget_type=\"heading.default\">\n\t\t\t\t<div class=\"elementor-widget-container\">\n\t\t\t<h2 class=\"elementor-heading-title elementor-size-default\">Fabrikl\u00f6sungen<\/h2>\t\t<\/div>\n\t\t\t\t<\/div>\n\t\t\t\t<div class=\"elementor-element elementor-element-7b60753e elementor-widget elementor-widget-text-editor\" data-id=\"7b60753e\" data-element_type=\"widget\" data-widget_type=\"text-editor.default\">\n\t\t\t\t<div class=\"elementor-widget-container\">\n\t\t\t<style>\/*! elementor - v3.8.0 - 30-10-2022 *\/\n.elementor-widget-text-editor.elementor-drop-cap-view-stacked .elementor-drop-cap{background-color:#818a91;color:#fff}.elementor-widget-text-editor.elementor-drop-cap-view-framed .elementor-drop-cap{color:#818a91;border:3px solid;background-color:transparent}.elementor-widget-text-editor:not(.elementor-drop-cap-view-default) .elementor-drop-cap{margin-top:8px}.elementor-widget-text-editor:not(.elementor-drop-cap-view-default) .elementor-drop-cap-letter{width:1em;height:1em}.elementor-widget-text-editor .elementor-drop-cap{float:left;text-align:center;line-height:1;font-size:50px}.elementor-widget-text-editor .elementor-drop-cap-letter{display:inline-block}<\/style>\t\t\t\t<p>Die Vorfertigungstechnik erfreut sich als schnelle und zuverl\u00e4ssige Bauweise in der Industrie zunehmender Beliebtheit. Im Vergleich zu herk\u00f6mmlichen Ziegel- und M\u00f6rtelmethoden ist der Installationsprozess bei der Vorfertigung schneller. Daher spart der Einsatz der Vorfertigung bei Industriebauprojekten den Kunden Zeit und Kosten.<\/p><p>Der Vorfertigungsprozess besteht aus den Phasen Design, Produktion, Qualit\u00e4tskontrolle, Transport und Montage. Alle diese Phasen werden \u00e4u\u00dferst diszipliniert und einf\u00fchlsam gemanagt. Somit ist das Endprodukt hochwertig und langlebig. Neben Fabrikgeb\u00e4uden kann die Vorfertigungstechnologie auch an unterschiedliche Gesch\u00e4ftsanforderungen wie Lagerhallen, Ausstellungsr\u00e4ume und B\u00fcros angepasst werden.<\/p><p>Insbesondere im industriellen Bereich gilt die Vorfertigung als schnelle, effiziente und kosteng\u00fcnstige Bauweise. Vorfertigung, ein wichtiger Zukunftstrend f\u00fcr die Bauindustrie, kann bei vielen Projekten wie dem Bau vorgefertigter Fabriken die beste Option sein, indem sie anpassbare Strukturen entsprechend den Bed\u00fcrfnissen der Unternehmen bietet.<\/p>\t\t\t\t\t\t<\/div>\n\t\t\t\t<\/div>\n\t\t\t\t\t<\/div>\n\t\t<\/div>\n\t\t\t\t<div class=\"elementor-column elementor-col-50 elementor-top-column elementor-element elementor-element-1a7df9a8\" data-id=\"1a7df9a8\" data-element_type=\"column\" data-settings=\"{&quot;background_background&quot;:&quot;classic&quot;,&quot;tmp_custom_cursor&quot;:&quot;disable&quot;}\">\n\t\t\t<div class=\"elementor-widget-wrap elementor-element-populated\">\n\t\t\t\t\t\t\t\t<div class=\"elementor-element elementor-element-4fc82c52 elementor-widget elementor-widget-spacer\" data-id=\"4fc82c52\" data-element_type=\"widget\" data-widget_type=\"spacer.default\">\n\t\t\t\t<div class=\"elementor-widget-container\">\n\t\t\t<style>\/*! elementor - v3.8.0 - 30-10-2022 *\/\n.elementor-column .elementor-spacer-inner{height:var(--spacer-size)}.e-con{--container-widget-width:100%}.e-con-inner>.elementor-widget-spacer,.e-con>.elementor-widget-spacer{width:var(--container-widget-width,var(--spacer-size));-ms-flex-item-align:stretch;align-self:stretch;-ms-flex-negative:0;flex-shrink:0}.e-con-inner>.elementor-widget-spacer>.elementor-widget-container,.e-con-inner>.elementor-widget-spacer>.elementor-widget-container>.elementor-spacer,.e-con>.elementor-widget-spacer>.elementor-widget-container,.e-con>.elementor-widget-spacer>.elementor-widget-container>.elementor-spacer{height:100%}.e-con-inner>.elementor-widget-spacer>.elementor-widget-container>.elementor-spacer>.elementor-spacer-inner,.e-con>.elementor-widget-spacer>.elementor-widget-container>.elementor-spacer>.elementor-spacer-inner{height:var(--container-widget-height,var(--spacer-size))}<\/style>\t\t<div class=\"elementor-spacer\">\n\t\t\t<div class=\"elementor-spacer-inner\"><\/div>\n\t\t<\/div>\n\t\t\t\t<\/div>\n\t\t\t\t<\/div>\n\t\t\t\t\t<\/div>\n\t\t<\/div>\n\t\t\t\t\t\t\t<\/div>\n\t\t<\/section>\n\t\t\t\t<section class=\"elementor-section elementor-top-section elementor-element elementor-element-2e1863e elementor-section-boxed elementor-section-height-default elementor-section-height-default\" data-id=\"2e1863e\" data-element_type=\"section\" data-settings=\"{&quot;background_background&quot;:&quot;classic&quot;,&quot;jet_parallax_layout_list&quot;:[],&quot;tmp_custom_cursor&quot;:&quot;disable&quot;}\">\n\t\t\t\t\t\t\t<div class=\"elementor-background-overlay\"><\/div>\n\t\t\t\t\t\t\t<div class=\"elementor-container elementor-column-gap-default\">\n\t\t\t\t\t<div class=\"elementor-column elementor-col-50 elementor-top-column elementor-element elementor-element-58782c1f\" data-id=\"58782c1f\" data-element_type=\"column\" data-settings=\"{&quot;tmp_custom_cursor&quot;:&quot;disable&quot;}\">\n\t\t\t<div class=\"elementor-widget-wrap elementor-element-populated\">\n\t\t\t\t\t\t\t\t<div class=\"elementor-element elementor-element-672a076d elementor-widget elementor-widget-heading\" data-id=\"672a076d\" data-element_type=\"widget\" data-widget_type=\"heading.default\">\n\t\t\t\t<div class=\"elementor-widget-container\">\n\t\t\t<h2 class=\"elementor-heading-title elementor-size-default\">Vorteile der vorgefertigten Fabrik<\/h2>\t\t<\/div>\n\t\t\t\t<\/div>\n\t\t\t\t\t<\/div>\n\t\t<\/div>\n\t\t\t\t<div class=\"elementor-column elementor-col-50 elementor-top-column elementor-element elementor-element-24f4a123 elementor-invisible\" data-id=\"24f4a123\" data-element_type=\"column\" data-settings=\"{&quot;background_background&quot;:&quot;classic&quot;,&quot;animation&quot;:&quot;fadeInUp&quot;,&quot;tmp_custom_cursor&quot;:&quot;disable&quot;}\">\n\t\t\t<div class=\"elementor-widget-wrap elementor-element-populated\">\n\t\t\t\t\t\t\t\t<section class=\"elementor-section elementor-inner-section elementor-element elementor-element-17a08847 elementor-section-boxed elementor-section-height-default elementor-section-height-default\" data-id=\"17a08847\" data-element_type=\"section\" data-settings=\"{&quot;jet_parallax_layout_list&quot;:[],&quot;tmp_custom_cursor&quot;:&quot;disable&quot;}\">\n\t\t\t\t\t\t<div class=\"elementor-container elementor-column-gap-default\">\n\t\t\t\t\t<div class=\"elementor-column elementor-col-50 elementor-inner-column elementor-element elementor-element-4e5af910\" data-id=\"4e5af910\" data-element_type=\"column\" data-settings=\"{&quot;tmp_custom_cursor&quot;:&quot;disable&quot;}\">\n\t\t\t<div class=\"elementor-widget-wrap elementor-element-populated\">\n\t\t\t\t\t\t\t\t<div class=\"elementor-element elementor-element-7f789dd9 elementor-widget elementor-widget-heading\" data-id=\"7f789dd9\" data-element_type=\"widget\" data-widget_type=\"heading.default\">\n\t\t\t\t<div class=\"elementor-widget-container\">\n\t\t\t<h3 class=\"elementor-heading-title elementor-size-default\">Qualit\u00e4t<\/h3>\t\t<\/div>\n\t\t\t\t<\/div>\n\t\t\t\t<div class=\"elementor-element elementor-element-2d3952c4 elementor-widget elementor-widget-text-editor\" data-id=\"2d3952c4\" data-element_type=\"widget\" data-widget_type=\"text-editor.default\">\n\t\t\t\t<div class=\"elementor-widget-container\">\n\t\t\t\t\t\t\t<p>Vorgefertigte Bauelemente, die dank hochtechnologischer mechanischer Systeme in einer kontrollierten Produktionsumgebung hergestellt werden, sind von hoher Qualit\u00e4t und langlebig. In der Produktion mit spezialisiertem und qualifiziertem Personal steigt die Effizienz und die Fehlerquote sinkt. Dar\u00fcber hinaus werden bei richtiger Planung die Auswirkungen der Wetterbedingungen minimiert. Durch den Einsatz industrieller Bausysteme k\u00f6nnen Bauelementen hochwertige Oberfl\u00e4chen verliehen werden, und die wiederholte Produktion bringt Spezialisierung mit sich. Aus diesen Gr\u00fcnden ist der Fertigteilfabrikbau eine ideale Option f\u00fcr Industriegeb\u00e4ude.<\/p>\t\t\t\t\t\t<\/div>\n\t\t\t\t<\/div>\n\t\t\t\t\t<\/div>\n\t\t<\/div>\n\t\t\t\t<div class=\"elementor-column elementor-col-50 elementor-inner-column elementor-element elementor-element-744e7112\" data-id=\"744e7112\" data-element_type=\"column\" data-settings=\"{&quot;tmp_custom_cursor&quot;:&quot;disable&quot;}\">\n\t\t\t<div class=\"elementor-widget-wrap elementor-element-populated\">\n\t\t\t\t\t\t\t\t<div class=\"elementor-element elementor-element-7221b640 elementor-widget elementor-widget-heading\" data-id=\"7221b640\" data-element_type=\"widget\" data-widget_type=\"heading.default\">\n\t\t\t\t<div class=\"elementor-widget-container\">\n\t\t\t<h3 class=\"elementor-heading-title elementor-size-default\">Kosten<\/h3>\t\t<\/div>\n\t\t\t\t<\/div>\n\t\t\t\t<div class=\"elementor-element elementor-element-1d03e772 elementor-widget elementor-widget-text-editor\" data-id=\"1d03e772\" data-element_type=\"widget\" data-widget_type=\"text-editor.default\">\n\t\t\t\t<div class=\"elementor-widget-container\">\n\t\t\t\t\t\t\t<ul><li>Der Bauaufwand wird deutlich reduziert und somit die Kosten gesenkt.<\/li><li>Der Einsatz von wiederverwertbaren Materialien nimmt zu, wodurch Abfall reduziert wird.<\/li><li>Die Tatsache, dass die Formen mehrfach verwendet werden k\u00f6nnen, macht die Arbeit effizienter.<\/li><li>Dank hoher Produktionsqualit\u00e4t und -kontrolle sind weniger Korrekturarbeiten erforderlich.<\/li><li>Der Bauprozess wird verk\u00fcrzt, da klimabedingte Zeitverluste vermieden werden.<\/li><li>Dank des schnellen Produktionsprozesses der Vorfertigung ist es weniger vom Inflationseffekt betroffen.<\/li><li>Es k\u00f6nnen Elemente hergestellt werden, die eine hochwertige Isolierung bieten k\u00f6nnen.<\/li><li>Beim Fertigteilbau besteht ein geringeres Risiko, das geplante Budget zu \u00fcberschreiten.<\/li><\/ul>\t\t\t\t\t\t<\/div>\n\t\t\t\t<\/div>\n\t\t\t\t\t<\/div>\n\t\t<\/div>\n\t\t\t\t\t\t\t<\/div>\n\t\t<\/section>\n\t\t\t\t<section class=\"elementor-section elementor-inner-section elementor-element elementor-element-17c4eea7 elementor-section-boxed elementor-section-height-default elementor-section-height-default\" data-id=\"17c4eea7\" data-element_type=\"section\" data-settings=\"{&quot;jet_parallax_layout_list&quot;:[],&quot;tmp_custom_cursor&quot;:&quot;disable&quot;}\">\n\t\t\t\t\t\t<div class=\"elementor-container elementor-column-gap-default\">\n\t\t\t\t\t<div class=\"elementor-column elementor-col-50 elementor-inner-column elementor-element elementor-element-657e63c2\" data-id=\"657e63c2\" data-element_type=\"column\" data-settings=\"{&quot;tmp_custom_cursor&quot;:&quot;disable&quot;}\">\n\t\t\t<div class=\"elementor-widget-wrap elementor-element-populated\">\n\t\t\t\t\t\t\t\t<div class=\"elementor-element elementor-element-5077d457 elementor-widget elementor-widget-heading\" data-id=\"5077d457\" data-element_type=\"widget\" data-widget_type=\"heading.default\">\n\t\t\t\t<div class=\"elementor-widget-container\">\n\t\t\t<h3 class=\"elementor-heading-title elementor-size-default\">Zeit<\/h3>\t\t<\/div>\n\t\t\t\t<\/div>\n\t\t\t\t<div class=\"elementor-element elementor-element-1da1634d elementor-widget elementor-widget-text-editor\" data-id=\"1da1634d\" data-element_type=\"widget\" data-widget_type=\"text-editor.default\">\n\t\t\t\t<div class=\"elementor-widget-container\">\n\t\t\t\t\t\t\t<p>Der Bauprozess von vorgefertigten Geb\u00e4uden wird dank der Produktion und vereinfachten Installationsdetails, die au\u00dferhalb des Standorts durchgef\u00fchrt werden, an dem der Bau ausgef\u00fchrt werden soll, erheblich verk\u00fcrzt. Da im Rahmen der Bauplanung ein \u00fcberschaubares Programm erstellt wird, wird der Bauablauf termingerecht abgeschlossen. Durch die Herstellung von vorgefertigten Bauteilen bei Erdarbeiten wird die Bauzeit weiter verk\u00fcrzt und Projekte werden schneller fertiggestellt.<\/p>\t\t\t\t\t\t<\/div>\n\t\t\t\t<\/div>\n\t\t\t\t\t<\/div>\n\t\t<\/div>\n\t\t\t\t<div class=\"elementor-column elementor-col-50 elementor-inner-column elementor-element elementor-element-567736f4\" data-id=\"567736f4\" data-element_type=\"column\" data-settings=\"{&quot;tmp_custom_cursor&quot;:&quot;disable&quot;}\">\n\t\t\t<div class=\"elementor-widget-wrap elementor-element-populated\">\n\t\t\t\t\t\t\t\t<div class=\"elementor-element elementor-element-67e11719 elementor-widget elementor-widget-heading\" data-id=\"67e11719\" data-element_type=\"widget\" data-widget_type=\"heading.default\">\n\t\t\t\t<div class=\"elementor-widget-container\">\n\t\t\t<h3 class=\"elementor-heading-title elementor-size-default\">Sicherheit<\/h3>\t\t<\/div>\n\t\t\t\t<\/div>\n\t\t\t\t<div class=\"elementor-element elementor-element-70ff438d elementor-widget elementor-widget-text-editor\" data-id=\"70ff438d\" data-element_type=\"widget\" data-widget_type=\"text-editor.default\">\n\t\t\t\t<div class=\"elementor-widget-container\">\n\t\t\t\t\t\t\t<ul><li>W\u00e4hrend der intensive Einsatz von Maschinen die Arbeitskosten minimiert, wird gleichzeitig f\u00fcr eine sichere und geordnete Arbeitsumgebung gesorgt.<\/li><li>Maschinenorientierte Produktionsprozesse werden bevorzugt, um eine sichere und organisierte Arbeitsatmosph\u00e4re zu schaffen und die Arbeitskosten zu minimieren.<\/li><\/ul>\t\t\t\t\t\t<\/div>\n\t\t\t\t<\/div>\n\t\t\t\t\t<\/div>\n\t\t<\/div>\n\t\t\t\t\t\t\t<\/div>\n\t\t<\/section>\n\t\t\t\t\t<\/div>\n\t\t<\/div>\n\t\t\t\t\t\t\t<\/div>\n\t\t<\/section>\n\t\t\t\t<section class=\"elementor-section elementor-top-section elementor-element elementor-element-4dcaa24a elementor-section-full_width elementor-section-content-middle elementor-section-height-min-height elementor-section-height-default elementor-section-items-middle\" data-id=\"4dcaa24a\" data-element_type=\"section\" data-settings=\"{&quot;jet_parallax_layout_list&quot;:[],&quot;tmp_custom_cursor&quot;:&quot;disable&quot;}\">\n\t\t\t\t\t\t<div class=\"elementor-container elementor-column-gap-default\">\n\t\t\t\t\t<div class=\"elementor-column elementor-col-25 elementor-top-column elementor-element elementor-element-665bf21\" data-id=\"665bf21\" data-element_type=\"column\" data-settings=\"{&quot;background_background&quot;:&quot;classic&quot;,&quot;tmp_custom_cursor&quot;:&quot;disable&quot;}\">\n\t\t\t<div class=\"elementor-widget-wrap elementor-element-populated\">\n\t\t\t\t\t\t\t\t<div class=\"elementor-element elementor-element-7df21a0f elementor-widget elementor-widget-image\" data-id=\"7df21a0f\" data-element_type=\"widget\" data-widget_type=\"image.default\">\n\t\t\t\t<div class=\"elementor-widget-container\">\n\t\t\t<style>\/*! elementor - v3.8.0 - 30-10-2022 *\/\n.elementor-widget-image{text-align:center}.elementor-widget-image a{display:inline-block}.elementor-widget-image a img[src$=\".svg\"]{width:48px}.elementor-widget-image img{vertical-align:middle;display:inline-block}<\/style>\t\t\t\t\t\t\t\t\t\t\t\t<img decoding=\"async\" width=\"768\" height=\"432\" src=\"https:\/\/www.bsprefabrik.com.tr\/wp-content\/uploads\/2023\/01\/WhatsApp-Image-2022-12-19-at-12.54.11-2-768x432.jpeg\" class=\"attachment-medium_large size-medium_large\" alt=\"\" srcset=\"https:\/\/www.bsprefabrik.com.tr\/wp-content\/uploads\/2023\/01\/WhatsApp-Image-2022-12-19-at-12.54.11-2-768x432.jpeg 768w, https:\/\/www.bsprefabrik.com.tr\/wp-content\/uploads\/2023\/01\/WhatsApp-Image-2022-12-19-at-12.54.11-2-300x169.jpeg 300w, https:\/\/www.bsprefabrik.com.tr\/wp-content\/uploads\/2023\/01\/WhatsApp-Image-2022-12-19-at-12.54.11-2-1024x576.jpeg 1024w, https:\/\/www.bsprefabrik.com.tr\/wp-content\/uploads\/2023\/01\/WhatsApp-Image-2022-12-19-at-12.54.11-2-1536x864.jpeg 1536w, https:\/\/www.bsprefabrik.com.tr\/wp-content\/uploads\/2023\/01\/WhatsApp-Image-2022-12-19-at-12.54.11-2.jpeg 1600w\" sizes=\"(max-width: 768px) 100vw, 768px\" \/>\t\t\t\t\t\t\t\t\t\t\t\t\t\t\t<\/div>\n\t\t\t\t<\/div>\n\t\t\t\t\t<\/div>\n\t\t<\/div>\n\t\t\t\t<div class=\"elementor-column elementor-col-25 elementor-top-column elementor-element elementor-element-533bd965 elementor-invisible\" data-id=\"533bd965\" data-element_type=\"column\" data-settings=\"{&quot;background_background&quot;:&quot;classic&quot;,&quot;animation&quot;:&quot;fadeInLeft&quot;,&quot;tmp_custom_cursor&quot;:&quot;disable&quot;}\">\n\t\t\t<div class=\"elementor-widget-wrap elementor-element-populated\">\n\t\t\t\t\t\t\t\t<div class=\"elementor-element elementor-element-76236053 elementor-widget elementor-widget-heading\" data-id=\"76236053\" data-element_type=\"widget\" data-widget_type=\"heading.default\">\n\t\t\t\t<div class=\"elementor-widget-container\">\n\t\t\t<h2 class=\"elementor-heading-title elementor-size-default\">\u00d6kologisch<\/h2>\t\t<\/div>\n\t\t\t\t<\/div>\n\t\t\t\t<div class=\"elementor-element elementor-element-7c45962b elementor-widget elementor-widget-text-editor\" data-id=\"7c45962b\" data-element_type=\"widget\" data-widget_type=\"text-editor.default\">\n\t\t\t\t<div class=\"elementor-widget-container\">\n\t\t\t\t\t\t\t<p>Die vorgefertigte Bauweise erm\u00f6glicht die Herstellung eines umweltfreundlichen Geb\u00e4udes durch maximale Materialeinsparungen und die optimale Nutzung erneuerbarer Energiequellen. Durch die Reduzierung der Aktivit\u00e4ten auf der Baustelle werden Umweltst\u00f6rungen und Umweltverschmutzung reduziert. Dank rational konzipierter Bauelemente kann eine wirksame Isolierung erreicht werden, die die Umwelt schont, indem sie zu CO2-Emissionen beitr\u00e4gt. Daher gewinnen Fertigbauten als \u00f6kologisch nachhaltige und umweltfreundliche Baualternative zunehmend an Bedeutung.<\/p>\t\t\t\t\t\t<\/div>\n\t\t\t\t<\/div>\n\t\t\t\t\t<\/div>\n\t\t<\/div>\n\t\t\t\t<div class=\"elementor-column elementor-col-25 elementor-top-column elementor-element elementor-element-760e36c5\" data-id=\"760e36c5\" data-element_type=\"column\" data-settings=\"{&quot;background_background&quot;:&quot;classic&quot;,&quot;tmp_custom_cursor&quot;:&quot;disable&quot;}\">\n\t\t\t<div class=\"elementor-widget-wrap elementor-element-populated\">\n\t\t\t\t\t\t\t\t<div class=\"elementor-element elementor-element-7f2a6f43 elementor-widget elementor-widget-image\" data-id=\"7f2a6f43\" data-element_type=\"widget\" data-widget_type=\"image.default\">\n\t\t\t\t<div class=\"elementor-widget-container\">\n\t\t\t\t\t\t\t\t\t\t\t\t\t\t\t<img decoding=\"async\" width=\"768\" height=\"432\" src=\"https:\/\/www.bsprefabrik.com.tr\/wp-content\/uploads\/2023\/01\/WhatsApp-Image-2022-12-19-at-12.07.44-2-768x432.jpeg\" class=\"attachment-medium_large size-medium_large\" alt=\"\" srcset=\"https:\/\/www.bsprefabrik.com.tr\/wp-content\/uploads\/2023\/01\/WhatsApp-Image-2022-12-19-at-12.07.44-2-768x432.jpeg 768w, https:\/\/www.bsprefabrik.com.tr\/wp-content\/uploads\/2023\/01\/WhatsApp-Image-2022-12-19-at-12.07.44-2-300x169.jpeg 300w, https:\/\/www.bsprefabrik.com.tr\/wp-content\/uploads\/2023\/01\/WhatsApp-Image-2022-12-19-at-12.07.44-2-1024x576.jpeg 1024w, https:\/\/www.bsprefabrik.com.tr\/wp-content\/uploads\/2023\/01\/WhatsApp-Image-2022-12-19-at-12.07.44-2-1536x864.jpeg 1536w, https:\/\/www.bsprefabrik.com.tr\/wp-content\/uploads\/2023\/01\/WhatsApp-Image-2022-12-19-at-12.07.44-2.jpeg 2048w\" sizes=\"(max-width: 768px) 100vw, 768px\" \/>\t\t\t\t\t\t\t\t\t\t\t\t\t\t\t<\/div>\n\t\t\t\t<\/div>\n\t\t\t\t\t<\/div>\n\t\t<\/div>\n\t\t\t\t<div class=\"elementor-column elementor-col-25 elementor-top-column elementor-element elementor-element-3535774 elementor-invisible\" data-id=\"3535774\" data-element_type=\"column\" data-settings=\"{&quot;background_background&quot;:&quot;classic&quot;,&quot;animation&quot;:&quot;fadeInLeft&quot;,&quot;tmp_custom_cursor&quot;:&quot;disable&quot;}\">\n\t\t\t<div class=\"elementor-widget-wrap elementor-element-populated\">\n\t\t\t\t\t\t\t\t<div class=\"elementor-element elementor-element-67cc8139 elementor-widget elementor-widget-heading\" data-id=\"67cc8139\" data-element_type=\"widget\" data-widget_type=\"heading.default\">\n\t\t\t\t<div class=\"elementor-widget-container\">\n\t\t\t<h2 class=\"elementor-heading-title elementor-size-default\">Sauberkeit und Ordnung<\/h2>\t\t<\/div>\n\t\t\t\t<\/div>\n\t\t\t\t<div class=\"elementor-element elementor-element-f80da81 elementor-widget elementor-widget-text-editor\" data-id=\"f80da81\" data-element_type=\"widget\" data-widget_type=\"text-editor.default\">\n\t\t\t\t<div class=\"elementor-widget-container\">\n\t\t\t\t\t\t\t<p>Durch die systematische Lagerung und Verwendung von Bauteilen und Materialien bleibt die Baustelle sauber und ordentlich. Dies minimiert die Umweltbelastung auf der Baustelle durch die Reduzierung des Abfallaufkommens. Dar\u00fcber hinaus wird durch den sorgf\u00e4ltigen Einsatz von Baumaterialien der Materialaufwand auf der Baustelle reduziert und somit Abfall vermieden. Durch den minimalen Einsatz von St\u00fctz- und Schalungsmaterialien werden unn\u00f6tige Kosten vermieden und f\u00fcr Ordnung und Sauberkeit im Baubereich gesorgt.<\/p>\t\t\t\t\t\t<\/div>\n\t\t\t\t<\/div>\n\t\t\t\t\t<\/div>\n\t\t<\/div>\n\t\t\t\t\t\t\t<\/div>\n\t\t<\/section>\n\t\t\t\t<section class=\"elementor-section elementor-top-section elementor-element elementor-element-d71d1f2 elementor-section-full_width elementor-section-height-min-height elementor-section-height-default elementor-section-items-middle\" data-id=\"d71d1f2\" data-element_type=\"section\" data-settings=\"{&quot;jet_parallax_layout_list&quot;:[],&quot;background_background&quot;:&quot;video&quot;,&quot;background_video_link&quot;:&quot;https:\\\/\\\/www.bsprefabrik.com.tr\\\/wp-content\\\/uploads\\\/2023\\\/03\\\/Final-Comp.mp4&quot;,&quot;tmp_custom_cursor&quot;:&quot;disable&quot;}\">\n\t\t\t\t\t\t\t\t<div class=\"elementor-background-video-container elementor-hidden-phone\">\n\t\t\t\t\t\t\t\t\t\t\t\t\t<video class=\"elementor-background-video-hosted elementor-html5-video\" autoplay muted playsinline loop><\/video>\n\t\t\t\t\t\t\t\t\t\t\t<\/div>\n\t\t\t\t\t\t\t\t<div class=\"elementor-container elementor-column-gap-default\">\n\t\t\t\t\t<div class=\"elementor-column elementor-col-100 elementor-top-column elementor-element elementor-element-5f8e3df\" data-id=\"5f8e3df\" data-element_type=\"column\" data-settings=\"{&quot;tmp_custom_cursor&quot;:&quot;disable&quot;}\">\n\t\t\t<div class=\"elementor-widget-wrap\">\n\t\t\t\t\t\t\t\t\t<\/div>\n\t\t<\/div>\n\t\t\t\t\t\t\t<\/div>\n\t\t<\/section>\n\t\t\t\t\t\t\t<\/div>","protected":false},"excerpt":{"rendered":"<p>Prefabrik Fabrika \u00c7\u00f6z\u00fcmleri Prefabrikasyon teknolojisi, end\u00fcstriyel sekt\u00f6rler i\u00e7in h\u0131zl\u0131 ve g\u00fcvenilir bir in\u015faat y\u00f6ntemi olarak giderek daha pop\u00fcler hale gelmektedir. Geleneksel tu\u011fla ve har\u00e7 y\u00f6ntemlerine k\u0131yasla, prefabrikasyonun daha h\u0131zl\u0131 bir kurulum s\u00fcreci vard\u0131r. Bu nedenle, prefabrikasyonun end\u00fcstriyel in\u015faat projelerinde kullan\u0131lmas\u0131, m\u00fc\u015fterilere zaman ve maliyet tasarrufu sa\u011flar. Prefabrikasyon s\u00fcreci, tasar\u0131m, \u00fcretim, kalite kontrol, nakliye ve montaj [&hellip;]<\/p>","protected":false},"author":1,"featured_media":0,"parent":518,"menu_order":0,"comment_status":"closed","ping_status":"closed","template":"elementor_header_footer","meta":{"om_disable_all_campaigns":false,"_monsterinsights_skip_tracking":false,"_monsterinsights_sitenote_active":false,"_monsterinsights_sitenote_note":"","_monsterinsights_sitenote_category":0,"footnotes":""},"class_list":["post-1753","page","type-page","status-publish","hentry"],"aioseo_notices":[],"_links":{"self":[{"href":"https:\/\/www.bsprefabrik.com.tr\/de\/wp-json\/wp\/v2\/pages\/1753","targetHints":{"allow":["GET"]}}],"collection":[{"href":"https:\/\/www.bsprefabrik.com.tr\/de\/wp-json\/wp\/v2\/pages"}],"about":[{"href":"https:\/\/www.bsprefabrik.com.tr\/de\/wp-json\/wp\/v2\/types\/page"}],"author":[{"embeddable":true,"href":"https:\/\/www.bsprefabrik.com.tr\/de\/wp-json\/wp\/v2\/users\/1"}],"replies":[{"embeddable":true,"href":"https:\/\/www.bsprefabrik.com.tr\/de\/wp-json\/wp\/v2\/comments?post=1753"}],"version-history":[{"count":6,"href":"https:\/\/www.bsprefabrik.com.tr\/de\/wp-json\/wp\/v2\/pages\/1753\/revisions"}],"predecessor-version":[{"id":2167,"href":"https:\/\/www.bsprefabrik.com.tr\/de\/wp-json\/wp\/v2\/pages\/1753\/revisions\/2167"}],"up":[{"embeddable":true,"href":"https:\/\/www.bsprefabrik.com.tr\/de\/wp-json\/wp\/v2\/pages\/518"}],"wp:attachment":[{"href":"https:\/\/www.bsprefabrik.com.tr\/de\/wp-json\/wp\/v2\/media?parent=1753"}],"curies":[{"name":"wp","href":"https:\/\/api.w.org\/{rel}","templated":true}]}}