{"id":1819,"date":"2023-03-15T11:58:56","date_gmt":"2023-03-15T08:58:56","guid":{"rendered":"https:\/\/bsprefabrik.myco.site\/?page_id=1819"},"modified":"2023-05-24T18:22:58","modified_gmt":"2023-05-24T15:22:58","slug":"alisveris-merkezleri","status":"publish","type":"page","link":"https:\/\/www.bsprefabrik.com.tr\/it\/i-nostri-servizi\/centri-commerciali\/","title":{"rendered":"Centri commerciali"},"content":{"rendered":"<div data-elementor-type=\"wp-page\" data-elementor-id=\"1819\" class=\"elementor elementor-1819\">\n\t\t\t\t\t\t\t\t\t<section class=\"elementor-section elementor-top-section elementor-element elementor-element-6312adad elementor-section-content-middle elementor-section-boxed elementor-section-height-default elementor-section-height-default\" data-id=\"6312adad\" data-element_type=\"section\" data-settings=\"{&quot;background_background&quot;:&quot;classic&quot;,&quot;jet_parallax_layout_list&quot;:[],&quot;tmp_custom_cursor&quot;:&quot;disable&quot;}\">\n\t\t\t\t\t\t<div class=\"elementor-container elementor-column-gap-default\">\n\t\t\t\t\t<div class=\"elementor-column elementor-col-50 elementor-top-column elementor-element elementor-element-6bf709b6\" data-id=\"6bf709b6\" data-element_type=\"column\" data-settings=\"{&quot;tmp_custom_cursor&quot;:&quot;disable&quot;}\">\n\t\t\t<div class=\"elementor-widget-wrap elementor-element-populated\">\n\t\t\t\t\t\t\t\t<div class=\"elementor-element elementor-element-98c927a elementor-widget elementor-widget-heading\" data-id=\"98c927a\" data-element_type=\"widget\" data-widget_type=\"heading.default\">\n\t\t\t\t<div class=\"elementor-widget-container\">\n\t\t\t<style>\/*! elementor - v3.8.0 - 30-10-2022 *\/\n.elementor-heading-title{padding:0;margin:0;line-height:1}.elementor-widget-heading .elementor-heading-title[class*=elementor-size-]>a{color:inherit;font-size:inherit;line-height:inherit}.elementor-widget-heading .elementor-heading-title.elementor-size-small{font-size:15px}.elementor-widget-heading .elementor-heading-title.elementor-size-medium{font-size:19px}.elementor-widget-heading .elementor-heading-title.elementor-size-large{font-size:29px}.elementor-widget-heading .elementor-heading-title.elementor-size-xl{font-size:39px}.elementor-widget-heading .elementor-heading-title.elementor-size-xxl{font-size:59px}<\/style><h4 class=\"elementor-heading-title elementor-size-default\">BS Prefabbricato<\/h4>\t\t<\/div>\n\t\t\t\t<\/div>\n\t\t\t\t<div class=\"elementor-element elementor-element-7ac67276 elementor-widget elementor-widget-heading\" data-id=\"7ac67276\" data-element_type=\"widget\" data-widget_type=\"heading.default\">\n\t\t\t\t<div class=\"elementor-widget-container\">\n\t\t\t<h2 class=\"elementor-heading-title elementor-size-default\">Soluzioni per centri commerciali<\/h2>\t\t<\/div>\n\t\t\t\t<\/div>\n\t\t\t\t<div class=\"elementor-element elementor-element-2d0b554 elementor-widget elementor-widget-text-editor\" data-id=\"2d0b554\" data-element_type=\"widget\" data-widget_type=\"text-editor.default\">\n\t\t\t\t<div class=\"elementor-widget-container\">\n\t\t\t<style>\/*! elementor - v3.8.0 - 30-10-2022 *\/\n.elementor-widget-text-editor.elementor-drop-cap-view-stacked .elementor-drop-cap{background-color:#818a91;color:#fff}.elementor-widget-text-editor.elementor-drop-cap-view-framed .elementor-drop-cap{color:#818a91;border:3px solid;background-color:transparent}.elementor-widget-text-editor:not(.elementor-drop-cap-view-default) .elementor-drop-cap{margin-top:8px}.elementor-widget-text-editor:not(.elementor-drop-cap-view-default) .elementor-drop-cap-letter{width:1em;height:1em}.elementor-widget-text-editor .elementor-drop-cap{float:left;text-align:center;line-height:1;font-size:50px}.elementor-widget-text-editor .elementor-drop-cap-letter{display:inline-block}<\/style>\t\t\t\t<p>Gli edifici industriali realizzati in prefabbricazione vengono installati rapidamente. Richiede quasi il 50% di tempo in meno rispetto alla tradizionale costruzione in mattoni e malta. Pertanto, questa nuova tecnologia di costruzione \u00e8 oggi tra le opzioni preferite per l\u2019edilizia industriale.<\/p>\t\t\t\t\t\t<\/div>\n\t\t\t\t<\/div>\n\t\t\t\t\t<\/div>\n\t\t<\/div>\n\t\t\t\t<div class=\"elementor-column elementor-col-50 elementor-top-column elementor-element elementor-element-67f22766\" data-id=\"67f22766\" data-element_type=\"column\" data-settings=\"{&quot;background_background&quot;:&quot;classic&quot;,&quot;tmp_custom_cursor&quot;:&quot;disable&quot;}\">\n\t\t\t<div class=\"elementor-widget-wrap elementor-element-populated\">\n\t\t\t\t\t\t\t\t<div class=\"elementor-element elementor-element-ac85e4b elementor-widget elementor-widget-spacer\" data-id=\"ac85e4b\" data-element_type=\"widget\" data-widget_type=\"spacer.default\">\n\t\t\t\t<div class=\"elementor-widget-container\">\n\t\t\t<style>\/*! elementor - v3.8.0 - 30-10-2022 *\/\n.elementor-column .elementor-spacer-inner{height:var(--spacer-size)}.e-con{--container-widget-width:100%}.e-con-inner>.elementor-widget-spacer,.e-con>.elementor-widget-spacer{width:var(--container-widget-width,var(--spacer-size));-ms-flex-item-align:stretch;align-self:stretch;-ms-flex-negative:0;flex-shrink:0}.e-con-inner>.elementor-widget-spacer>.elementor-widget-container,.e-con-inner>.elementor-widget-spacer>.elementor-widget-container>.elementor-spacer,.e-con>.elementor-widget-spacer>.elementor-widget-container,.e-con>.elementor-widget-spacer>.elementor-widget-container>.elementor-spacer{height:100%}.e-con-inner>.elementor-widget-spacer>.elementor-widget-container>.elementor-spacer>.elementor-spacer-inner,.e-con>.elementor-widget-spacer>.elementor-widget-container>.elementor-spacer>.elementor-spacer-inner{height:var(--container-widget-height,var(--spacer-size))}<\/style>\t\t<div class=\"elementor-spacer\">\n\t\t\t<div class=\"elementor-spacer-inner\"><\/div>\n\t\t<\/div>\n\t\t\t\t<\/div>\n\t\t\t\t<\/div>\n\t\t\t\t\t<\/div>\n\t\t<\/div>\n\t\t\t\t\t\t\t<\/div>\n\t\t<\/section>\n\t\t\t\t<section class=\"elementor-section elementor-top-section elementor-element elementor-element-f745060 elementor-section-boxed elementor-section-height-default elementor-section-height-default\" data-id=\"f745060\" data-element_type=\"section\" data-settings=\"{&quot;background_background&quot;:&quot;classic&quot;,&quot;jet_parallax_layout_list&quot;:[],&quot;tmp_custom_cursor&quot;:&quot;disable&quot;}\">\n\t\t\t\t\t\t\t<div class=\"elementor-background-overlay\"><\/div>\n\t\t\t\t\t\t\t<div class=\"elementor-container elementor-column-gap-default\">\n\t\t\t\t\t<div class=\"elementor-column elementor-col-50 elementor-top-column elementor-element elementor-element-78f8eb91\" data-id=\"78f8eb91\" data-element_type=\"column\" data-settings=\"{&quot;tmp_custom_cursor&quot;:&quot;disable&quot;}\">\n\t\t\t<div class=\"elementor-widget-wrap elementor-element-populated\">\n\t\t\t\t\t\t\t\t<div class=\"elementor-element elementor-element-55bc3cf5 elementor-widget elementor-widget-heading\" data-id=\"55bc3cf5\" data-element_type=\"widget\" data-widget_type=\"heading.default\">\n\t\t\t\t<div class=\"elementor-widget-container\">\n\t\t\t<h2 class=\"elementor-heading-title elementor-size-default\">Vantaggi dei centri commerciali prefabbricati<\/h2>\t\t<\/div>\n\t\t\t\t<\/div>\n\t\t\t\t\t<\/div>\n\t\t<\/div>\n\t\t\t\t<div class=\"elementor-column elementor-col-50 elementor-top-column elementor-element elementor-element-5882183 elementor-invisible\" data-id=\"5882183\" data-element_type=\"column\" data-settings=\"{&quot;background_background&quot;:&quot;classic&quot;,&quot;animation&quot;:&quot;fadeInUp&quot;,&quot;tmp_custom_cursor&quot;:&quot;disable&quot;}\">\n\t\t\t<div class=\"elementor-widget-wrap elementor-element-populated\">\n\t\t\t\t\t\t\t\t<section class=\"elementor-section elementor-inner-section elementor-element elementor-element-68c87805 elementor-section-boxed elementor-section-height-default elementor-section-height-default\" data-id=\"68c87805\" data-element_type=\"section\" data-settings=\"{&quot;jet_parallax_layout_list&quot;:[],&quot;tmp_custom_cursor&quot;:&quot;disable&quot;}\">\n\t\t\t\t\t\t<div class=\"elementor-container elementor-column-gap-default\">\n\t\t\t\t\t<div class=\"elementor-column elementor-col-50 elementor-inner-column elementor-element elementor-element-61cabcb4\" data-id=\"61cabcb4\" data-element_type=\"column\" data-settings=\"{&quot;tmp_custom_cursor&quot;:&quot;disable&quot;}\">\n\t\t\t<div class=\"elementor-widget-wrap elementor-element-populated\">\n\t\t\t\t\t\t\t\t<div class=\"elementor-element elementor-element-4b671a81 elementor-widget elementor-widget-heading\" data-id=\"4b671a81\" data-element_type=\"widget\" data-widget_type=\"heading.default\">\n\t\t\t\t<div class=\"elementor-widget-container\">\n\t\t\t<h3 class=\"elementor-heading-title elementor-size-default\">Qualit\u00e0<\/h3>\t\t<\/div>\n\t\t\t\t<\/div>\n\t\t\t\t<div class=\"elementor-element elementor-element-7034a7b2 elementor-widget elementor-widget-text-editor\" data-id=\"7034a7b2\" data-element_type=\"widget\" data-widget_type=\"text-editor.default\">\n\t\t\t\t<div class=\"elementor-widget-container\">\n\t\t\t\t\t\t\t<ul><li>Prodotti di alta qualit\u00e0 possono essere realizzati in un ambiente di produzione controllato con un&#039;elevata tecnologia meccanica.<\/li><li>I dipendenti qualificati che si specializzano in un lavoro specifico aumentano l\u2019efficienza e riducono gli errori.<\/li><li>Grazie alla pianificazione gli effetti delle condizioni meteorologiche sono ridotti al minimo.<\/li><li>Superfici di qualit\u00e0 possono essere ottenute su elementi costruttivi con sistemi costruttivi industriali.<\/li><li>La ripetizione nella produzione porta alla specializzazione.<\/li><\/ul>\t\t\t\t\t\t<\/div>\n\t\t\t\t<\/div>\n\t\t\t\t\t<\/div>\n\t\t<\/div>\n\t\t\t\t<div class=\"elementor-column elementor-col-50 elementor-inner-column elementor-element elementor-element-24f290d\" data-id=\"24f290d\" data-element_type=\"column\" data-settings=\"{&quot;tmp_custom_cursor&quot;:&quot;disable&quot;}\">\n\t\t\t<div class=\"elementor-widget-wrap elementor-element-populated\">\n\t\t\t\t\t\t\t\t<div class=\"elementor-element elementor-element-40395443 elementor-widget elementor-widget-heading\" data-id=\"40395443\" data-element_type=\"widget\" data-widget_type=\"heading.default\">\n\t\t\t\t<div class=\"elementor-widget-container\">\n\t\t\t<h3 class=\"elementor-heading-title elementor-size-default\">Costo<\/h3>\t\t<\/div>\n\t\t\t\t<\/div>\n\t\t\t\t<div class=\"elementor-element elementor-element-29b09759 elementor-widget elementor-widget-text-editor\" data-id=\"29b09759\" data-element_type=\"widget\" data-widget_type=\"text-editor.default\">\n\t\t\t\t<div class=\"elementor-widget-container\">\n\t\t\t\t\t\t\t<ul><li>La manodopera nel settore edile \u00e8 notevolmente ridotta.<\/li><li>I materiali di scarto vengono notevolmente ridotti e possono essere riutilizzati.<\/li><li>Gli stampi possono essere utilizzati pi\u00f9 volte.<\/li><li>Grazie alla qualit\u00e0 e al controllo della produzione, il lavoro di correzione del prodotto \u00e8 notevolmente ridotto.<\/li><li>Il processo di costruzione viene abbreviato poich\u00e9 si evitano perdite di tempo legate al clima.<\/li><li>A causa della velocit\u00e0 del processo produttivo, \u00e8 meno influenzato dall\u2019inflazione.<\/li><li>\u00c8 possibile produrre elementi in grado di fornire un isolamento efficace.<\/li><li><strong>struttura prefabbricata<\/strong>In questo caso, c&#039;\u00e8 meno rischio di andare oltre il budget pianificato.<\/li><\/ul>\t\t\t\t\t\t<\/div>\n\t\t\t\t<\/div>\n\t\t\t\t\t<\/div>\n\t\t<\/div>\n\t\t\t\t\t\t\t<\/div>\n\t\t<\/section>\n\t\t\t\t<section class=\"elementor-section elementor-inner-section elementor-element elementor-element-4e82e5bf elementor-section-boxed elementor-section-height-default elementor-section-height-default\" data-id=\"4e82e5bf\" data-element_type=\"section\" data-settings=\"{&quot;jet_parallax_layout_list&quot;:[],&quot;tmp_custom_cursor&quot;:&quot;disable&quot;}\">\n\t\t\t\t\t\t<div class=\"elementor-container elementor-column-gap-default\">\n\t\t\t\t\t<div class=\"elementor-column elementor-col-50 elementor-inner-column elementor-element elementor-element-41a73c65\" data-id=\"41a73c65\" data-element_type=\"column\" data-settings=\"{&quot;tmp_custom_cursor&quot;:&quot;disable&quot;}\">\n\t\t\t<div class=\"elementor-widget-wrap elementor-element-populated\">\n\t\t\t\t\t\t\t\t<div class=\"elementor-element elementor-element-2b6f76fb elementor-widget elementor-widget-heading\" data-id=\"2b6f76fb\" data-element_type=\"widget\" data-widget_type=\"heading.default\">\n\t\t\t\t<div class=\"elementor-widget-container\">\n\t\t\t<h3 class=\"elementor-heading-title elementor-size-default\">Tempo<\/h3>\t\t<\/div>\n\t\t\t\t<\/div>\n\t\t\t\t<div class=\"elementor-element elementor-element-5bd2d840 elementor-widget elementor-widget-text-editor\" data-id=\"5bd2d840\" data-element_type=\"widget\" data-widget_type=\"text-editor.default\">\n\t\t\t\t<div class=\"elementor-widget-container\">\n\t\t\t\t\t\t\t<ul><li>Grazie alla produzione fuori sede e ai dettagli di installazione semplificati, il processo di costruzione \u00e8 stato notevolmente ridotto.<\/li><li>Il processo di costruzione ha un programma gestibile all&#039;interno della pianificazione temporale.<\/li><li>I componenti di costruzione possono essere prodotti durante i lavori di scavo e possono ridurre i tempi di costruzione della costruzione.<\/li><\/ul>\t\t\t\t\t\t<\/div>\n\t\t\t\t<\/div>\n\t\t\t\t\t<\/div>\n\t\t<\/div>\n\t\t\t\t<div class=\"elementor-column elementor-col-50 elementor-inner-column elementor-element elementor-element-1906c78e\" data-id=\"1906c78e\" data-element_type=\"column\" data-settings=\"{&quot;tmp_custom_cursor&quot;:&quot;disable&quot;}\">\n\t\t\t<div class=\"elementor-widget-wrap elementor-element-populated\">\n\t\t\t\t\t\t\t\t<div class=\"elementor-element elementor-element-288e089d elementor-widget elementor-widget-heading\" data-id=\"288e089d\" data-element_type=\"widget\" data-widget_type=\"heading.default\">\n\t\t\t\t<div class=\"elementor-widget-container\">\n\t\t\t<h3 class=\"elementor-heading-title elementor-size-default\">Sicurezza<\/h3>\t\t<\/div>\n\t\t\t\t<\/div>\n\t\t\t\t<div class=\"elementor-element elementor-element-7430ddae elementor-widget elementor-widget-text-editor\" data-id=\"7430ddae\" data-element_type=\"widget\" data-widget_type=\"text-editor.default\">\n\t\t\t\t<div class=\"elementor-widget-container\">\n\t\t\t\t\t\t\t<ul><li>La manodopera \u00e8 ridotta al minimo grazie al processo di costruzione ad uso intensivo di macchinari; Viene fornito un ambiente di lavoro sicuro e sistematico.<\/li><\/ul>\t\t\t\t\t\t<\/div>\n\t\t\t\t<\/div>\n\t\t\t\t\t<\/div>\n\t\t<\/div>\n\t\t\t\t\t\t\t<\/div>\n\t\t<\/section>\n\t\t\t\t\t<\/div>\n\t\t<\/div>\n\t\t\t\t\t\t\t<\/div>\n\t\t<\/section>\n\t\t\t\t<section class=\"elementor-section elementor-top-section elementor-element elementor-element-4e841a78 elementor-section-full_width elementor-section-content-middle elementor-section-height-min-height elementor-section-height-default elementor-section-items-middle\" data-id=\"4e841a78\" data-element_type=\"section\" data-settings=\"{&quot;jet_parallax_layout_list&quot;:[],&quot;tmp_custom_cursor&quot;:&quot;disable&quot;}\">\n\t\t\t\t\t\t<div class=\"elementor-container elementor-column-gap-default\">\n\t\t\t\t\t<div class=\"elementor-column elementor-col-25 elementor-top-column elementor-element elementor-element-1a243f5f\" data-id=\"1a243f5f\" data-element_type=\"column\" data-settings=\"{&quot;background_background&quot;:&quot;classic&quot;,&quot;tmp_custom_cursor&quot;:&quot;disable&quot;}\">\n\t\t\t<div class=\"elementor-widget-wrap elementor-element-populated\">\n\t\t\t\t\t\t\t\t<div class=\"elementor-element elementor-element-727c6890 elementor-widget elementor-widget-image\" data-id=\"727c6890\" data-element_type=\"widget\" data-widget_type=\"image.default\">\n\t\t\t\t<div class=\"elementor-widget-container\">\n\t\t\t<style>\/*! elementor - v3.8.0 - 30-10-2022 *\/\n.elementor-widget-image{text-align:center}.elementor-widget-image a{display:inline-block}.elementor-widget-image a img[src$=\".svg\"]{width:48px}.elementor-widget-image img{vertical-align:middle;display:inline-block}<\/style>\t\t\t\t\t\t\t\t\t\t\t\t<img decoding=\"async\" width=\"768\" height=\"432\" src=\"https:\/\/www.bsprefabrik.com.tr\/wp-content\/uploads\/2023\/01\/WhatsApp-Image-2022-12-19-at-12.54.11-2-768x432.jpeg\" class=\"attachment-medium_large size-medium_large\" alt=\"\" srcset=\"https:\/\/www.bsprefabrik.com.tr\/wp-content\/uploads\/2023\/01\/WhatsApp-Image-2022-12-19-at-12.54.11-2-768x432.jpeg 768w, https:\/\/www.bsprefabrik.com.tr\/wp-content\/uploads\/2023\/01\/WhatsApp-Image-2022-12-19-at-12.54.11-2-300x169.jpeg 300w, https:\/\/www.bsprefabrik.com.tr\/wp-content\/uploads\/2023\/01\/WhatsApp-Image-2022-12-19-at-12.54.11-2-1024x576.jpeg 1024w, https:\/\/www.bsprefabrik.com.tr\/wp-content\/uploads\/2023\/01\/WhatsApp-Image-2022-12-19-at-12.54.11-2-1536x864.jpeg 1536w, https:\/\/www.bsprefabrik.com.tr\/wp-content\/uploads\/2023\/01\/WhatsApp-Image-2022-12-19-at-12.54.11-2.jpeg 1600w\" sizes=\"(max-width: 768px) 100vw, 768px\" \/>\t\t\t\t\t\t\t\t\t\t\t\t\t\t\t<\/div>\n\t\t\t\t<\/div>\n\t\t\t\t\t<\/div>\n\t\t<\/div>\n\t\t\t\t<div class=\"elementor-column elementor-col-25 elementor-top-column elementor-element elementor-element-17992c03 elementor-invisible\" data-id=\"17992c03\" data-element_type=\"column\" data-settings=\"{&quot;background_background&quot;:&quot;classic&quot;,&quot;animation&quot;:&quot;fadeInLeft&quot;,&quot;tmp_custom_cursor&quot;:&quot;disable&quot;}\">\n\t\t\t<div class=\"elementor-widget-wrap elementor-element-populated\">\n\t\t\t\t\t\t\t\t<div class=\"elementor-element elementor-element-4cdc36c6 elementor-widget elementor-widget-heading\" data-id=\"4cdc36c6\" data-element_type=\"widget\" data-widget_type=\"heading.default\">\n\t\t\t\t<div class=\"elementor-widget-container\">\n\t\t\t<h2 class=\"elementor-heading-title elementor-size-default\">Ecologico<\/h2>\t\t<\/div>\n\t\t\t\t<\/div>\n\t\t\t\t<div class=\"elementor-element elementor-element-168242ca elementor-widget elementor-widget-text-editor\" data-id=\"168242ca\" data-element_type=\"widget\" data-widget_type=\"text-editor.default\">\n\t\t\t\t<div class=\"elementor-widget-container\">\n\t\t\t\t\t\t\t<ul><li><strong>Metodo di costruzione prefabbricato<\/strong>\u00a0In questo modo il consumo di materiale viene ridotto al minimo e le materie prime e le risorse energetiche possono essere utilizzate al massimo.<\/li><li>Al diminuire del lavoro svolto in cantiere, diminuisce il disturbo e l\u2019inquinamento per l\u2019ambiente.<\/li><li>Con la soluzione razionale dei dettagli \u00e8 possibile realizzare prodotti che garantiscono un isolamento efficace. Questi elementi efficienti dal punto di vista energetico contribuiscono alle emissioni di carbonio.<\/li><\/ul>\t\t\t\t\t\t<\/div>\n\t\t\t\t<\/div>\n\t\t\t\t\t<\/div>\n\t\t<\/div>\n\t\t\t\t<div class=\"elementor-column elementor-col-25 elementor-top-column elementor-element elementor-element-3313fc88\" data-id=\"3313fc88\" data-element_type=\"column\" data-settings=\"{&quot;background_background&quot;:&quot;classic&quot;,&quot;tmp_custom_cursor&quot;:&quot;disable&quot;}\">\n\t\t\t<div class=\"elementor-widget-wrap elementor-element-populated\">\n\t\t\t\t\t\t\t\t<div class=\"elementor-element elementor-element-7080b9ce elementor-widget elementor-widget-image\" data-id=\"7080b9ce\" data-element_type=\"widget\" data-widget_type=\"image.default\">\n\t\t\t\t<div class=\"elementor-widget-container\">\n\t\t\t\t\t\t\t\t\t\t\t\t\t\t\t<img decoding=\"async\" width=\"768\" height=\"432\" src=\"https:\/\/www.bsprefabrik.com.tr\/wp-content\/uploads\/2023\/01\/WhatsApp-Image-2022-12-19-at-12.07.44-2-768x432.jpeg\" class=\"attachment-medium_large size-medium_large\" alt=\"\" srcset=\"https:\/\/www.bsprefabrik.com.tr\/wp-content\/uploads\/2023\/01\/WhatsApp-Image-2022-12-19-at-12.07.44-2-768x432.jpeg 768w, https:\/\/www.bsprefabrik.com.tr\/wp-content\/uploads\/2023\/01\/WhatsApp-Image-2022-12-19-at-12.07.44-2-300x169.jpeg 300w, https:\/\/www.bsprefabrik.com.tr\/wp-content\/uploads\/2023\/01\/WhatsApp-Image-2022-12-19-at-12.07.44-2-1024x576.jpeg 1024w, https:\/\/www.bsprefabrik.com.tr\/wp-content\/uploads\/2023\/01\/WhatsApp-Image-2022-12-19-at-12.07.44-2-1536x864.jpeg 1536w, https:\/\/www.bsprefabrik.com.tr\/wp-content\/uploads\/2023\/01\/WhatsApp-Image-2022-12-19-at-12.07.44-2.jpeg 2048w\" sizes=\"(max-width: 768px) 100vw, 768px\" \/>\t\t\t\t\t\t\t\t\t\t\t\t\t\t\t<\/div>\n\t\t\t\t<\/div>\n\t\t\t\t\t<\/div>\n\t\t<\/div>\n\t\t\t\t<div class=\"elementor-column elementor-col-25 elementor-top-column elementor-element elementor-element-3e7f88f9 elementor-invisible\" data-id=\"3e7f88f9\" data-element_type=\"column\" data-settings=\"{&quot;background_background&quot;:&quot;classic&quot;,&quot;animation&quot;:&quot;fadeInLeft&quot;,&quot;tmp_custom_cursor&quot;:&quot;disable&quot;}\">\n\t\t\t<div class=\"elementor-widget-wrap elementor-element-populated\">\n\t\t\t\t\t\t\t\t<div class=\"elementor-element elementor-element-725ed09 elementor-widget elementor-widget-heading\" data-id=\"725ed09\" data-element_type=\"widget\" data-widget_type=\"heading.default\">\n\t\t\t\t<div class=\"elementor-widget-container\">\n\t\t\t<h2 class=\"elementor-heading-title elementor-size-default\">Pulizia e ordine<\/h2>\t\t<\/div>\n\t\t\t\t<\/div>\n\t\t\t\t<div class=\"elementor-element elementor-element-524da96 elementor-widget elementor-widget-text-editor\" data-id=\"524da96\" data-element_type=\"widget\" data-widget_type=\"text-editor.default\">\n\t\t\t\t<div class=\"elementor-widget-container\">\n\t\t\t\t\t\t\t<ul><li>Lo stoccaggio e l&#039;uso sistematici di componenti e materiali garantiscono un&#039;area di costruzione pulita.<\/li><li>I consumi nel settore edile sono ridotti.<\/li><li>I materiali di supporto e di cassaforma sono utilizzati al minimo.<\/li><\/ul>\t\t\t\t\t\t<\/div>\n\t\t\t\t<\/div>\n\t\t\t\t\t<\/div>\n\t\t<\/div>\n\t\t\t\t\t\t\t<\/div>\n\t\t<\/section>\n\t\t\t\t<section class=\"elementor-section elementor-top-section elementor-element elementor-element-32a9704c elementor-section-full_width elementor-section-height-min-height elementor-section-height-default elementor-section-items-middle\" data-id=\"32a9704c\" data-element_type=\"section\" data-settings=\"{&quot;jet_parallax_layout_list&quot;:[],&quot;background_background&quot;:&quot;video&quot;,&quot;background_video_link&quot;:&quot;https:\\\/\\\/www.bsprefabrik.com.tr\\\/wp-content\\\/uploads\\\/2023\\\/03\\\/Final-Comp.mp4&quot;,&quot;tmp_custom_cursor&quot;:&quot;disable&quot;}\">\n\t\t\t\t\t\t\t\t<div class=\"elementor-background-video-container elementor-hidden-phone\">\n\t\t\t\t\t\t\t\t\t\t\t\t\t<video class=\"elementor-background-video-hosted elementor-html5-video\" autoplay muted playsinline loop><\/video>\n\t\t\t\t\t\t\t\t\t\t\t<\/div>\n\t\t\t\t\t\t\t\t<div class=\"elementor-container elementor-column-gap-default\">\n\t\t\t\t\t<div class=\"elementor-column elementor-col-100 elementor-top-column elementor-element elementor-element-78ca7840\" data-id=\"78ca7840\" data-element_type=\"column\" data-settings=\"{&quot;tmp_custom_cursor&quot;:&quot;disable&quot;}\">\n\t\t\t<div class=\"elementor-widget-wrap\">\n\t\t\t\t\t\t\t\t\t<\/div>\n\t\t<\/div>\n\t\t\t\t\t\t\t<\/div>\n\t\t<\/section>\n\t\t\t\t\t\t\t<\/div>","protected":false},"excerpt":{"rendered":"<p>BS Prefabrik Al\u0131\u015fveri\u015f Merkezleri \u00c7\u00f6z\u00fcmleri Prefabrikasyondan yap\u0131lan fabrika binalar\u0131 h\u0131zl\u0131 bir \u015fekilde kurulur.\u00a0Geleneksel tu\u011fla ve har\u00e7 in\u015faattan neredeyse y\u00fczde elli daha az zaman al\u0131r.\u00a0Bu nedenle bu yeni in\u015faat teknolojisi, g\u00fcn\u00fcm\u00fczde end\u00fcstriyel in\u015faat i\u00e7in en \u00e7ok tercih edilen se\u00e7enekler aras\u0131ndad\u0131r. Prefabrik Al\u0131\u015fveri\u015f Merkezlerinin Avantajlar\u0131 Kalite Y\u00fcksek mekanik teknolojiye sahip kontroll\u00fc \u00fcretim ortam\u0131nda y\u00fcksek kaliteli \u00fcr\u00fcnler \u00fcretilebilmektedir. [&hellip;]<\/p>","protected":false},"author":1,"featured_media":0,"parent":518,"menu_order":0,"comment_status":"closed","ping_status":"closed","template":"","meta":{"om_disable_all_campaigns":false,"_monsterinsights_skip_tracking":false,"_monsterinsights_sitenote_active":false,"_monsterinsights_sitenote_note":"","_monsterinsights_sitenote_category":0,"footnotes":""},"class_list":["post-1819","page","type-page","status-publish","hentry"],"aioseo_notices":[],"_links":{"self":[{"href":"https:\/\/www.bsprefabrik.com.tr\/it\/wp-json\/wp\/v2\/pages\/1819","targetHints":{"allow":["GET"]}}],"collection":[{"href":"https:\/\/www.bsprefabrik.com.tr\/it\/wp-json\/wp\/v2\/pages"}],"about":[{"href":"https:\/\/www.bsprefabrik.com.tr\/it\/wp-json\/wp\/v2\/types\/page"}],"author":[{"embeddable":true,"href":"https:\/\/www.bsprefabrik.com.tr\/it\/wp-json\/wp\/v2\/users\/1"}],"replies":[{"embeddable":true,"href":"https:\/\/www.bsprefabrik.com.tr\/it\/wp-json\/wp\/v2\/comments?post=1819"}],"version-history":[{"count":3,"href":"https:\/\/www.bsprefabrik.com.tr\/it\/wp-json\/wp\/v2\/pages\/1819\/revisions"}],"predecessor-version":[{"id":2173,"href":"https:\/\/www.bsprefabrik.com.tr\/it\/wp-json\/wp\/v2\/pages\/1819\/revisions\/2173"}],"up":[{"embeddable":true,"href":"https:\/\/www.bsprefabrik.com.tr\/it\/wp-json\/wp\/v2\/pages\/518"}],"wp:attachment":[{"href":"https:\/\/www.bsprefabrik.com.tr\/it\/wp-json\/wp\/v2\/media?parent=1819"}],"curies":[{"name":"wp","href":"https:\/\/api.w.org\/{rel}","templated":true}]}}