{"id":2406,"date":"2024-01-09T11:25:00","date_gmt":"2024-01-09T08:25:00","guid":{"rendered":"https:\/\/www.bsprefabrik.com.tr\/?page_id=2406"},"modified":"2024-01-09T11:33:56","modified_gmt":"2024-01-09T08:33:56","slug":"prefabrik-oluk-kirisleri","status":"publish","type":"page","link":"https:\/\/www.bsprefabrik.com.tr\/it\/i-nostri-servizi\/travi-di-grondaia-prefabbricate\/","title":{"rendered":"Travi di grondaia prefabbricate"},"content":{"rendered":"<div data-elementor-type=\"wp-page\" data-elementor-id=\"2406\" class=\"elementor elementor-2406\">\n\t\t\t\t\t\t\t\t\t<section class=\"elementor-section elementor-top-section elementor-element elementor-element-18ed544a elementor-section-content-middle elementor-section-boxed elementor-section-height-default elementor-section-height-default\" data-id=\"18ed544a\" data-element_type=\"section\" data-settings=\"{&quot;background_background&quot;:&quot;classic&quot;,&quot;jet_parallax_layout_list&quot;:[],&quot;tmp_custom_cursor&quot;:&quot;disable&quot;}\">\n\t\t\t\t\t\t<div class=\"elementor-container elementor-column-gap-default\">\n\t\t\t\t\t<div class=\"elementor-column elementor-col-50 elementor-top-column elementor-element elementor-element-53a351ac\" data-id=\"53a351ac\" data-element_type=\"column\" data-settings=\"{&quot;tmp_custom_cursor&quot;:&quot;disable&quot;}\">\n\t\t\t<div class=\"elementor-widget-wrap elementor-element-populated\">\n\t\t\t\t\t\t\t\t<div class=\"elementor-element elementor-element-12aa6e09 elementor-widget elementor-widget-heading\" data-id=\"12aa6e09\" data-element_type=\"widget\" data-widget_type=\"heading.default\">\n\t\t\t\t<div class=\"elementor-widget-container\">\n\t\t\t<style>\/*! elementor - v3.8.0 - 30-10-2022 *\/\n.elementor-heading-title{padding:0;margin:0;line-height:1}.elementor-widget-heading .elementor-heading-title[class*=elementor-size-]>a{color:inherit;font-size:inherit;line-height:inherit}.elementor-widget-heading .elementor-heading-title.elementor-size-small{font-size:15px}.elementor-widget-heading .elementor-heading-title.elementor-size-medium{font-size:19px}.elementor-widget-heading .elementor-heading-title.elementor-size-large{font-size:29px}.elementor-widget-heading .elementor-heading-title.elementor-size-xl{font-size:39px}.elementor-widget-heading .elementor-heading-title.elementor-size-xxl{font-size:59px}<\/style><h4 class=\"elementor-heading-title elementor-size-default\">BS Prefabbricato<\/h4>\t\t<\/div>\n\t\t\t\t<\/div>\n\t\t\t\t<div class=\"elementor-element elementor-element-828faec elementor-widget elementor-widget-heading\" data-id=\"828faec\" data-element_type=\"widget\" data-widget_type=\"heading.default\">\n\t\t\t\t<div class=\"elementor-widget-container\">\n\t\t\t<h2 class=\"elementor-heading-title elementor-size-default\">Travi di grondaia prefabbricate: soluzione affidabile per lo scarico dell&#039;acqua<\/h2>\t\t<\/div>\n\t\t\t\t<\/div>\n\t\t\t\t<div class=\"elementor-element elementor-element-7b60753e elementor-widget elementor-widget-text-editor\" data-id=\"7b60753e\" data-element_type=\"widget\" data-widget_type=\"text-editor.default\">\n\t\t\t\t<div class=\"elementor-widget-container\">\n\t\t\t<style>\/*! elementor - v3.8.0 - 30-10-2022 *\/\n.elementor-widget-text-editor.elementor-drop-cap-view-stacked .elementor-drop-cap{background-color:#818a91;color:#fff}.elementor-widget-text-editor.elementor-drop-cap-view-framed .elementor-drop-cap{color:#818a91;border:3px solid;background-color:transparent}.elementor-widget-text-editor:not(.elementor-drop-cap-view-default) .elementor-drop-cap{margin-top:8px}.elementor-widget-text-editor:not(.elementor-drop-cap-view-default) .elementor-drop-cap-letter{width:1em;height:1em}.elementor-widget-text-editor .elementor-drop-cap{float:left;text-align:center;line-height:1;font-size:50px}.elementor-widget-text-editor .elementor-drop-cap-letter{display:inline-block}<\/style>\t\t\t\t<p>Come Bs Prefabrik, siamo leader nei sistemi di drenaggio dell&#039;acqua. Con la nostra esperienza e la nostra comprensione perfezionista delle travi di grondaia prefabbricate, offriamo soluzioni affidabili ed efficaci nei vostri progetti.<\/p><p>Contattaci per avere maggiori informazioni e travi di gronda prefabbricate adatte alle tue esigenze. Bs Prefabrik \u00e8 con te nei tuoi progetti di gestione dell&#039;acqua!<\/p>\t\t\t\t\t\t<\/div>\n\t\t\t\t<\/div>\n\t\t\t\t\t<\/div>\n\t\t<\/div>\n\t\t\t\t<div class=\"elementor-column elementor-col-50 elementor-top-column elementor-element elementor-element-1a7df9a8\" data-id=\"1a7df9a8\" data-element_type=\"column\" data-settings=\"{&quot;background_background&quot;:&quot;classic&quot;,&quot;tmp_custom_cursor&quot;:&quot;disable&quot;}\">\n\t\t\t<div class=\"elementor-widget-wrap elementor-element-populated\">\n\t\t\t\t\t\t\t\t<div class=\"elementor-element elementor-element-4fc82c52 elementor-widget elementor-widget-spacer\" data-id=\"4fc82c52\" data-element_type=\"widget\" data-widget_type=\"spacer.default\">\n\t\t\t\t<div class=\"elementor-widget-container\">\n\t\t\t<style>\/*! elementor - v3.8.0 - 30-10-2022 *\/\n.elementor-column .elementor-spacer-inner{height:var(--spacer-size)}.e-con{--container-widget-width:100%}.e-con-inner>.elementor-widget-spacer,.e-con>.elementor-widget-spacer{width:var(--container-widget-width,var(--spacer-size));-ms-flex-item-align:stretch;align-self:stretch;-ms-flex-negative:0;flex-shrink:0}.e-con-inner>.elementor-widget-spacer>.elementor-widget-container,.e-con-inner>.elementor-widget-spacer>.elementor-widget-container>.elementor-spacer,.e-con>.elementor-widget-spacer>.elementor-widget-container,.e-con>.elementor-widget-spacer>.elementor-widget-container>.elementor-spacer{height:100%}.e-con-inner>.elementor-widget-spacer>.elementor-widget-container>.elementor-spacer>.elementor-spacer-inner,.e-con>.elementor-widget-spacer>.elementor-widget-container>.elementor-spacer>.elementor-spacer-inner{height:var(--container-widget-height,var(--spacer-size))}<\/style>\t\t<div class=\"elementor-spacer\">\n\t\t\t<div class=\"elementor-spacer-inner\"><\/div>\n\t\t<\/div>\n\t\t\t\t<\/div>\n\t\t\t\t<\/div>\n\t\t\t\t\t<\/div>\n\t\t<\/div>\n\t\t\t\t\t\t\t<\/div>\n\t\t<\/section>\n\t\t\t\t<section class=\"elementor-section elementor-top-section elementor-element elementor-element-2e1863e elementor-section-boxed elementor-section-height-default elementor-section-height-default\" data-id=\"2e1863e\" data-element_type=\"section\" data-settings=\"{&quot;background_background&quot;:&quot;classic&quot;,&quot;jet_parallax_layout_list&quot;:[],&quot;tmp_custom_cursor&quot;:&quot;disable&quot;}\">\n\t\t\t\t\t\t\t<div class=\"elementor-background-overlay\"><\/div>\n\t\t\t\t\t\t\t<div class=\"elementor-container elementor-column-gap-default\">\n\t\t\t\t\t<div class=\"elementor-column elementor-col-50 elementor-top-column elementor-element elementor-element-58782c1f\" data-id=\"58782c1f\" data-element_type=\"column\" data-settings=\"{&quot;tmp_custom_cursor&quot;:&quot;disable&quot;}\">\n\t\t\t<div class=\"elementor-widget-wrap elementor-element-populated\">\n\t\t\t\t\t\t\t\t<div class=\"elementor-element elementor-element-672a076d elementor-widget elementor-widget-heading\" data-id=\"672a076d\" data-element_type=\"widget\" data-widget_type=\"heading.default\">\n\t\t\t\t<div class=\"elementor-widget-container\">\n\t\t\t<h2 class=\"elementor-heading-title elementor-size-default\">Perch\u00e8 Bs Prefabrik?<\/h2>\t\t<\/div>\n\t\t\t\t<\/div>\n\t\t\t\t\t<\/div>\n\t\t<\/div>\n\t\t\t\t<div class=\"elementor-column elementor-col-50 elementor-top-column elementor-element elementor-element-24f4a123 elementor-invisible\" data-id=\"24f4a123\" data-element_type=\"column\" data-settings=\"{&quot;background_background&quot;:&quot;classic&quot;,&quot;animation&quot;:&quot;fadeInUp&quot;,&quot;tmp_custom_cursor&quot;:&quot;disable&quot;}\">\n\t\t\t<div class=\"elementor-widget-wrap elementor-element-populated\">\n\t\t\t\t\t\t\t\t<section class=\"elementor-section elementor-inner-section elementor-element elementor-element-17a08847 elementor-section-boxed elementor-section-height-default elementor-section-height-default\" data-id=\"17a08847\" data-element_type=\"section\" data-settings=\"{&quot;jet_parallax_layout_list&quot;:[],&quot;tmp_custom_cursor&quot;:&quot;disable&quot;}\">\n\t\t\t\t\t\t<div class=\"elementor-container elementor-column-gap-default\">\n\t\t\t\t\t<div class=\"elementor-column elementor-col-50 elementor-inner-column elementor-element elementor-element-4e5af910\" data-id=\"4e5af910\" data-element_type=\"column\" data-settings=\"{&quot;tmp_custom_cursor&quot;:&quot;disable&quot;}\">\n\t\t\t<div class=\"elementor-widget-wrap elementor-element-populated\">\n\t\t\t\t\t\t\t\t<div class=\"elementor-element elementor-element-7f789dd9 elementor-widget elementor-widget-heading\" data-id=\"7f789dd9\" data-element_type=\"widget\" data-widget_type=\"heading.default\">\n\t\t\t\t<div class=\"elementor-widget-container\">\n\t\t\t<h3 class=\"elementor-heading-title elementor-size-default\">Competenza ed esperienza<\/h3>\t\t<\/div>\n\t\t\t\t<\/div>\n\t\t\t\t<div class=\"elementor-element elementor-element-2d3952c4 elementor-widget elementor-widget-text-editor\" data-id=\"2d3952c4\" data-element_type=\"widget\" data-widget_type=\"text-editor.default\">\n\t\t\t\t<div class=\"elementor-widget-container\">\n\t\t\t\t\t\t\t<p>Bs Prefabrik offre le migliori soluzioni ai clienti utilizzando la sua esperienza nella produzione di fabbriche prefabbricate leader del settore nella produzione di barriere in cemento.<\/p>\t\t\t\t\t\t<\/div>\n\t\t\t\t<\/div>\n\t\t\t\t\t<\/div>\n\t\t<\/div>\n\t\t\t\t<div class=\"elementor-column elementor-col-50 elementor-inner-column elementor-element elementor-element-744e7112\" data-id=\"744e7112\" data-element_type=\"column\" data-settings=\"{&quot;tmp_custom_cursor&quot;:&quot;disable&quot;}\">\n\t\t\t<div class=\"elementor-widget-wrap elementor-element-populated\">\n\t\t\t\t\t\t\t\t<div class=\"elementor-element elementor-element-7221b640 elementor-widget elementor-widget-heading\" data-id=\"7221b640\" data-element_type=\"widget\" data-widget_type=\"heading.default\">\n\t\t\t\t<div class=\"elementor-widget-container\">\n\t\t\t<h3 class=\"elementor-heading-title elementor-size-default\">Alta qualit\u00e0<\/h3>\t\t<\/div>\n\t\t\t\t<\/div>\n\t\t\t\t<div class=\"elementor-element elementor-element-1d03e772 elementor-widget elementor-widget-text-editor\" data-id=\"1d03e772\" data-element_type=\"widget\" data-widget_type=\"text-editor.default\">\n\t\t\t\t<div class=\"elementor-widget-container\">\n\t\t\t\t\t\t\t<p>I materiali di alta qualit\u00e0 utilizzati nei nostri prodotti non solo soddisfano gli standard di sicurezza, ma forniscono anche prestazioni durature e durevoli.<\/p>\t\t\t\t\t\t<\/div>\n\t\t\t\t<\/div>\n\t\t\t\t\t<\/div>\n\t\t<\/div>\n\t\t\t\t\t\t\t<\/div>\n\t\t<\/section>\n\t\t\t\t<section class=\"elementor-section elementor-inner-section elementor-element elementor-element-17c4eea7 elementor-section-boxed elementor-section-height-default elementor-section-height-default\" data-id=\"17c4eea7\" data-element_type=\"section\" data-settings=\"{&quot;jet_parallax_layout_list&quot;:[],&quot;tmp_custom_cursor&quot;:&quot;disable&quot;}\">\n\t\t\t\t\t\t<div class=\"elementor-container elementor-column-gap-default\">\n\t\t\t\t\t<div class=\"elementor-column elementor-col-50 elementor-inner-column elementor-element elementor-element-657e63c2\" data-id=\"657e63c2\" data-element_type=\"column\" data-settings=\"{&quot;tmp_custom_cursor&quot;:&quot;disable&quot;}\">\n\t\t\t<div class=\"elementor-widget-wrap elementor-element-populated\">\n\t\t\t\t\t\t\t\t<div class=\"elementor-element elementor-element-5077d457 elementor-widget elementor-widget-heading\" data-id=\"5077d457\" data-element_type=\"widget\" data-widget_type=\"heading.default\">\n\t\t\t\t<div class=\"elementor-widget-container\">\n\t\t\t<h3 class=\"elementor-heading-title elementor-size-default\">Tempo<\/h3>\t\t<\/div>\n\t\t\t\t<\/div>\n\t\t\t\t<div class=\"elementor-element elementor-element-1da1634d elementor-widget elementor-widget-text-editor\" data-id=\"1da1634d\" data-element_type=\"widget\" data-widget_type=\"text-editor.default\">\n\t\t\t\t<div class=\"elementor-widget-container\">\n\t\t\t\t\t\t\t<p>Nella nostra vasta area di produzione di 15.000 m2 applichiamo processi di produzione flessibili per soddisfare le vostre richieste speciali. Realizziamo i vostri progetti con soluzioni speciali per voi.<\/p>\t\t\t\t\t\t<\/div>\n\t\t\t\t<\/div>\n\t\t\t\t\t<\/div>\n\t\t<\/div>\n\t\t\t\t<div class=\"elementor-column elementor-col-50 elementor-inner-column elementor-element elementor-element-567736f4\" data-id=\"567736f4\" data-element_type=\"column\" data-settings=\"{&quot;tmp_custom_cursor&quot;:&quot;disable&quot;}\">\n\t\t\t<div class=\"elementor-widget-wrap elementor-element-populated\">\n\t\t\t\t\t\t\t\t<div class=\"elementor-element elementor-element-67e11719 elementor-widget elementor-widget-heading\" data-id=\"67e11719\" data-element_type=\"widget\" data-widget_type=\"heading.default\">\n\t\t\t\t<div class=\"elementor-widget-container\">\n\t\t\t<h3 class=\"elementor-heading-title elementor-size-default\">Ecologico<\/h3>\t\t<\/div>\n\t\t\t\t<\/div>\n\t\t\t\t<div class=\"elementor-element elementor-element-70ff438d elementor-widget elementor-widget-text-editor\" data-id=\"70ff438d\" data-element_type=\"widget\" data-widget_type=\"text-editor.default\">\n\t\t\t\t<div class=\"elementor-widget-container\">\n\t\t\t\t\t\t\t<p>Contribuiamo alla sostenibilit\u00e0 adottando metodi rispettosi dell\u2019ambiente nei nostri processi produttivi.<\/p>\t\t\t\t\t\t<\/div>\n\t\t\t\t<\/div>\n\t\t\t\t\t<\/div>\n\t\t<\/div>\n\t\t\t\t\t\t\t<\/div>\n\t\t<\/section>\n\t\t\t\t\t<\/div>\n\t\t<\/div>\n\t\t\t\t\t\t\t<\/div>\n\t\t<\/section>\n\t\t\t\t<section class=\"elementor-section elementor-top-section elementor-element elementor-element-4dcaa24a elementor-section-full_width elementor-section-content-middle elementor-section-height-min-height elementor-section-height-default elementor-section-items-middle\" data-id=\"4dcaa24a\" data-element_type=\"section\" data-settings=\"{&quot;jet_parallax_layout_list&quot;:[],&quot;tmp_custom_cursor&quot;:&quot;disable&quot;}\">\n\t\t\t\t\t\t<div class=\"elementor-container elementor-column-gap-default\">\n\t\t\t\t\t<div class=\"elementor-column elementor-col-33 elementor-top-column elementor-element elementor-element-665bf21\" data-id=\"665bf21\" data-element_type=\"column\" data-settings=\"{&quot;background_background&quot;:&quot;classic&quot;,&quot;tmp_custom_cursor&quot;:&quot;disable&quot;}\">\n\t\t\t<div class=\"elementor-widget-wrap elementor-element-populated\">\n\t\t\t\t\t\t\t\t<div class=\"elementor-element elementor-element-c91dc6b elementor-widget elementor-widget-image\" data-id=\"c91dc6b\" data-element_type=\"widget\" data-widget_type=\"image.default\">\n\t\t\t\t<div class=\"elementor-widget-container\">\n\t\t\t<style>\/*! elementor - v3.8.0 - 30-10-2022 *\/\n.elementor-widget-image{text-align:center}.elementor-widget-image a{display:inline-block}.elementor-widget-image a img[src$=\".svg\"]{width:48px}.elementor-widget-image img{vertical-align:middle;display:inline-block}<\/style>\t\t\t\t\t\t\t\t\t\t\t\t<img decoding=\"async\" width=\"800\" height=\"450\" src=\"https:\/\/www.bsprefabrik.com.tr\/wp-content\/uploads\/2024\/01\/bs-prefabrik2-1-1024x576.webp\" class=\"attachment-large size-large not-transparent\" alt=\"\" srcset=\"https:\/\/www.bsprefabrik.com.tr\/wp-content\/uploads\/2024\/01\/bs-prefabrik2-1-1024x576.webp 1024w, https:\/\/www.bsprefabrik.com.tr\/wp-content\/uploads\/2024\/01\/bs-prefabrik2-1-300x169.webp 300w, https:\/\/www.bsprefabrik.com.tr\/wp-content\/uploads\/2024\/01\/bs-prefabrik2-1-768x432.webp 768w, https:\/\/www.bsprefabrik.com.tr\/wp-content\/uploads\/2024\/01\/bs-prefabrik2-1-1536x864.webp 1536w, https:\/\/www.bsprefabrik.com.tr\/wp-content\/uploads\/2024\/01\/bs-prefabrik2-1-jpeg.webp 1600w\" sizes=\"(max-width: 800px) 100vw, 800px\" data-has-transparency=\"false\" data-dominant-color=\"627074\" style=\"--dominant-color: #627074\" \/>\t\t\t\t\t\t\t\t\t\t\t\t\t\t\t<\/div>\n\t\t\t\t<\/div>\n\t\t\t\t\t<\/div>\n\t\t<\/div>\n\t\t\t\t<div class=\"elementor-column elementor-col-33 elementor-top-column elementor-element elementor-element-533bd965 elementor-invisible\" data-id=\"533bd965\" data-element_type=\"column\" data-settings=\"{&quot;background_background&quot;:&quot;classic&quot;,&quot;animation&quot;:&quot;fadeInLeft&quot;,&quot;tmp_custom_cursor&quot;:&quot;disable&quot;}\">\n\t\t\t<div class=\"elementor-widget-wrap elementor-element-populated\">\n\t\t\t\t\t\t\t\t<div class=\"elementor-element elementor-element-76236053 elementor-widget elementor-widget-heading\" data-id=\"76236053\" data-element_type=\"widget\" data-widget_type=\"heading.default\">\n\t\t\t\t<div class=\"elementor-widget-container\">\n\t\t\t<h2 class=\"elementor-heading-title elementor-size-default\">Vantaggi<\/h2>\t\t<\/div>\n\t\t\t\t<\/div>\n\t\t\t\t<div class=\"elementor-element elementor-element-7c45962b elementor-widget elementor-widget-text-editor\" data-id=\"7c45962b\" data-element_type=\"widget\" data-widget_type=\"text-editor.default\">\n\t\t\t\t<div class=\"elementor-widget-container\">\n\t\t\t\t\t\t\t<ol><li><ol><li>Scarico efficace nell&#039;acqua:<\/li><\/ol><p>Le travi di grondaia prefabbricate impediscono il ristagno d&#039;acqua drenando l&#039;acqua piovana in modo rapido ed efficace.<\/p><p>Offre una soluzione resistente agli impatti ambientali con una gestione dell\u2019acqua ad alte prestazioni.<\/p><ol start=\"2\"><li>Durevole e di lunga durata:<\/li><\/ol><p>Le travi di grondaia prefabbricate realizzate con materiali di alta qualit\u00e0 offrono una soluzione duratura e durevole.<\/p><p>\u00c8 resistente agli agenti atmosferici, ai raggi UV e agli agenti chimici.<\/p><ol start=\"3\"><li>Varie opzioni di progettazione:<\/li><\/ol><p>Offre soluzioni adatte all&#039;estetica ambientale con diverse opzioni dimensionali e progettuali.<\/p><p>Grazie alla sua struttura modulare, consente l&#039;adattamento alle diverse esigenze progettuali.<\/p><\/li><\/ol>\t\t\t\t\t\t<\/div>\n\t\t\t\t<\/div>\n\t\t\t\t\t<\/div>\n\t\t<\/div>\n\t\t\t\t<div class=\"elementor-column elementor-col-33 elementor-top-column elementor-element elementor-element-3535774 elementor-invisible\" data-id=\"3535774\" data-element_type=\"column\" data-settings=\"{&quot;background_background&quot;:&quot;classic&quot;,&quot;animation&quot;:&quot;fadeInLeft&quot;,&quot;tmp_custom_cursor&quot;:&quot;disable&quot;}\">\n\t\t\t<div class=\"elementor-widget-wrap elementor-element-populated\">\n\t\t\t\t\t\t\t\t<div class=\"elementor-element elementor-element-67cc8139 elementor-widget elementor-widget-heading\" data-id=\"67cc8139\" data-element_type=\"widget\" data-widget_type=\"heading.default\">\n\t\t\t\t<div class=\"elementor-widget-container\">\n\t\t\t<h2 class=\"elementor-heading-title elementor-size-default\">Aree di utilizzo<\/h2>\t\t<\/div>\n\t\t\t\t<\/div>\n\t\t\t\t<div class=\"elementor-element elementor-element-f80da81 elementor-widget elementor-widget-text-editor\" data-id=\"f80da81\" data-element_type=\"widget\" data-widget_type=\"text-editor.default\">\n\t\t\t\t<div class=\"elementor-widget-container\">\n\t\t\t\t\t\t\t<p>Le travi di grondaia prefabbricate hanno una vasta gamma di applicazioni e forniscono una soluzione efficace nei seguenti progetti:<\/p><ul><li>Progetti di alloggi e centri direzionali<\/li><li>Progetti infrastrutturali e stradali<\/li><li>Aree industriali e agricole<\/li><li>Spazi pubblici e parchi<\/li><\/ul>\t\t\t\t\t\t<\/div>\n\t\t\t\t<\/div>\n\t\t\t\t<div class=\"elementor-element elementor-element-38d7597 elementor-widget elementor-widget-image\" data-id=\"38d7597\" data-element_type=\"widget\" data-widget_type=\"image.default\">\n\t\t\t\t<div class=\"elementor-widget-container\">\n\t\t\t\t\t\t\t\t\t\t\t\t\t\t\t<img decoding=\"async\" width=\"800\" height=\"450\" src=\"https:\/\/www.bsprefabrik.com.tr\/wp-content\/uploads\/2024\/01\/bs-prefabrik14-1-1024x576.webp\" class=\"attachment-large size-large not-transparent\" alt=\"\" srcset=\"https:\/\/www.bsprefabrik.com.tr\/wp-content\/uploads\/2024\/01\/bs-prefabrik14-1-1024x576.webp 1024w, https:\/\/www.bsprefabrik.com.tr\/wp-content\/uploads\/2024\/01\/bs-prefabrik14-1-300x169.webp 300w, https:\/\/www.bsprefabrik.com.tr\/wp-content\/uploads\/2024\/01\/bs-prefabrik14-1-768x432.webp 768w, https:\/\/www.bsprefabrik.com.tr\/wp-content\/uploads\/2024\/01\/bs-prefabrik14-1-1536x864.webp 1536w, https:\/\/www.bsprefabrik.com.tr\/wp-content\/uploads\/2024\/01\/bs-prefabrik14-1-2048x1152.webp 2048w\" sizes=\"(max-width: 800px) 100vw, 800px\" data-has-transparency=\"false\" data-dominant-color=\"736e6a\" style=\"--dominant-color: #736e6a\" \/>\t\t\t\t\t\t\t\t\t\t\t\t\t\t\t<\/div>\n\t\t\t\t<\/div>\n\t\t\t\t\t<\/div>\n\t\t<\/div>\n\t\t\t\t\t\t\t<\/div>\n\t\t<\/section>\n\t\t\t\t<section class=\"elementor-section elementor-top-section elementor-element elementor-element-d71d1f2 elementor-section-full_width elementor-section-height-min-height elementor-section-height-default elementor-section-items-middle\" data-id=\"d71d1f2\" data-element_type=\"section\" data-settings=\"{&quot;jet_parallax_layout_list&quot;:[],&quot;background_background&quot;:&quot;video&quot;,&quot;background_video_link&quot;:&quot;https:\\\/\\\/www.bsprefabrik.com.tr\\\/wp-content\\\/uploads\\\/2023\\\/03\\\/Final-Comp.mp4&quot;,&quot;tmp_custom_cursor&quot;:&quot;disable&quot;}\">\n\t\t\t\t\t\t\t\t<div class=\"elementor-background-video-container elementor-hidden-phone\">\n\t\t\t\t\t\t\t\t\t\t\t\t\t<video class=\"elementor-background-video-hosted elementor-html5-video\" autoplay muted playsinline loop><\/video>\n\t\t\t\t\t\t\t\t\t\t\t<\/div>\n\t\t\t\t\t\t\t\t<div class=\"elementor-container elementor-column-gap-default\">\n\t\t\t\t\t<div class=\"elementor-column elementor-col-100 elementor-top-column elementor-element elementor-element-5f8e3df\" data-id=\"5f8e3df\" data-element_type=\"column\" data-settings=\"{&quot;tmp_custom_cursor&quot;:&quot;disable&quot;}\">\n\t\t\t<div class=\"elementor-widget-wrap\">\n\t\t\t\t\t\t\t\t\t<\/div>\n\t\t<\/div>\n\t\t\t\t\t\t\t<\/div>\n\t\t<\/section>\n\t\t\t\t\t\t\t<\/div>","protected":false},"excerpt":{"rendered":"<p>BS Prefabrik Prefabrik Oluk Kiri\u015fleri: Su Tahliyesinde G\u00fcvenilir \u00c7\u00f6z\u00fcm Bs Prefabrik olarak, su tahliye sistemlerinde lider konumday\u0131z. Prefabrik oluk kiri\u015fleri konusundaki deneyimimiz ve m\u00fckemmeliyet\u00e7i anlay\u0131\u015f\u0131m\u0131zla, projelerinizde g\u00fcvenilir ve etkili \u00e7\u00f6z\u00fcmler sunuyoruz. \u0130htiyac\u0131n\u0131za uygun prefabrik oluk kiri\u015fleri ve daha fazla bilgi i\u00e7in bizimle ileti\u015fime ge\u00e7in. Bs Prefabrik, su y\u00f6netimi projelerinizde sizinle birlikte! Neden Bs Prefabrik? Uzmanl\u0131k [&hellip;]<\/p>","protected":false},"author":2,"featured_media":0,"parent":518,"menu_order":0,"comment_status":"closed","ping_status":"closed","template":"elementor_header_footer","meta":{"om_disable_all_campaigns":false,"_monsterinsights_skip_tracking":false,"_monsterinsights_sitenote_active":false,"_monsterinsights_sitenote_note":"","_monsterinsights_sitenote_category":0,"footnotes":""},"class_list":["post-2406","page","type-page","status-publish","hentry"],"aioseo_notices":[],"_links":{"self":[{"href":"https:\/\/www.bsprefabrik.com.tr\/it\/wp-json\/wp\/v2\/pages\/2406","targetHints":{"allow":["GET"]}}],"collection":[{"href":"https:\/\/www.bsprefabrik.com.tr\/it\/wp-json\/wp\/v2\/pages"}],"about":[{"href":"https:\/\/www.bsprefabrik.com.tr\/it\/wp-json\/wp\/v2\/types\/page"}],"author":[{"embeddable":true,"href":"https:\/\/www.bsprefabrik.com.tr\/it\/wp-json\/wp\/v2\/users\/2"}],"replies":[{"embeddable":true,"href":"https:\/\/www.bsprefabrik.com.tr\/it\/wp-json\/wp\/v2\/comments?post=2406"}],"version-history":[{"count":13,"href":"https:\/\/www.bsprefabrik.com.tr\/it\/wp-json\/wp\/v2\/pages\/2406\/revisions"}],"predecessor-version":[{"id":2422,"href":"https:\/\/www.bsprefabrik.com.tr\/it\/wp-json\/wp\/v2\/pages\/2406\/revisions\/2422"}],"up":[{"embeddable":true,"href":"https:\/\/www.bsprefabrik.com.tr\/it\/wp-json\/wp\/v2\/pages\/518"}],"wp:attachment":[{"href":"https:\/\/www.bsprefabrik.com.tr\/it\/wp-json\/wp\/v2\/media?parent=2406"}],"curies":[{"name":"wp","href":"https:\/\/api.w.org\/{rel}","templated":true}]}}